{"id":7374,"date":"2022-08-01T18:43:53","date_gmt":"2022-08-01T22:43:53","guid":{"rendered":"https:\/\/trafinc.com\/?page_id=7374"},"modified":"2023-11-14T10:06:27","modified_gmt":"2023-11-14T15:06:27","slug":"a-propos","status":"publish","type":"page","link":"https:\/\/trafinc.com\/fr\/a-propos\/","title":{"rendered":"\u00c0 Propos"},"content":{"rendered":"\t\t<div data-elementor-type=\"wp-page\" data-elementor-id=\"7374\" class=\"elementor elementor-7374 elementor-1579\">\n\t\t\t\t\t\t<section class=\"elementor-section elementor-top-section elementor-element elementor-element-d649db8 ot-traditional elementor-section-boxed elementor-section-height-default elementor-section-height-default\" data-id=\"d649db8\" data-element_type=\"section\" data-e-type=\"section\">\n\t\t\t\t\t\t<div class=\"elementor-container elementor-column-gap-default\">\n\t\t\t\t\t<div class=\"elementor-column elementor-col-100 elementor-top-column elementor-element elementor-element-9a850de ot-flex-column-vertical\" data-id=\"9a850de\" data-element_type=\"column\" data-e-type=\"column\">\n\t\t\t<div class=\"elementor-widget-wrap elementor-element-populated\">\n\t\t\t\t\t\t<div class=\"elementor-element elementor-element-a9a876b elementor-widget elementor-widget-iheading\" data-id=\"a9a876b\" data-element_type=\"widget\" data-e-type=\"widget\" data-widget_type=\"iheading.default\">\n\t\t\t\t<div class=\"elementor-widget-container\">\n\t\t\t\t\t\t\t<div class=\"ot-heading\">\r\n\t        \t            <span>\/\/ \u00c0 Propos<\/span>\r\n\t        <h2 class=\"main-heading\">Activit\u00e9s<\/h2>\t    <\/div>\r\n\t    \t\t\t\t<\/div>\n\t\t\t\t<\/div>\n\t\t\t\t\t<\/div>\n\t\t<\/div>\n\t\t\t\t\t<\/div>\n\t\t<\/section>\n\t\t\t\t<section class=\"elementor-section elementor-top-section elementor-element elementor-element-7f3cbd8 elementor-section-content-top ot-traditional elementor-section-boxed elementor-section-height-default elementor-section-height-default\" data-id=\"7f3cbd8\" data-element_type=\"section\" data-e-type=\"section\" data-settings=\"{&quot;background_background&quot;:&quot;classic&quot;}\">\n\t\t\t\t\t\t<div class=\"elementor-container elementor-column-gap-extended\">\n\t\t\t\t\t<div class=\"elementor-column elementor-col-50 elementor-top-column elementor-element elementor-element-9fc2569 ot-flex-column-vertical\" data-id=\"9fc2569\" data-element_type=\"column\" data-e-type=\"column\">\n\t\t\t<div class=\"elementor-widget-wrap elementor-element-populated\">\n\t\t\t\t\t\t<div class=\"elementor-element elementor-element-5f326aa elementor-widget elementor-widget-text-editor\" data-id=\"5f326aa\" data-element_type=\"widget\" data-e-type=\"widget\" data-widget_type=\"text-editor.default\">\n\t\t\t\t<div class=\"elementor-widget-container\">\n\t\t\t\t\t\t\t\t\t<ul>\n \t<li>\u00c9tabli <span style=\"font-weight: 400;\">\u00e0<\/span> Montr\u00e9al en 1987, nous offrons de l\u2019assistance technique, de l\u2019usinage de haute pr\u00e9cision des composants avanc\u00e9s et de l\u2019assemblage. En plus nous g\u00e9rons des processus externes (OP).<\/li>\n \t<li>Notre centre d\u2019usinage 5-axes DMG-MORI DMU50 Ultrasonique permet l\u2019usinage de pi\u00e8ces 3-D complexes avec des besoins de pr\u00e9cision et de duret\u00e9 comme les CMC, Ren\u00e9 95 et Zerodur.<\/li>\n \t<li>Les mat\u00e9riaux conventionnels (ex : Ac\u00e9tal, Aluminium, Acier et Acier Inoxydable) sont facilement trait\u00e9s et notre tour 4-axes DMG-MORI NLX 1500SY offre une performance exceptionnel.<\/li>\n \t<li>Notre \u00e9quipe exp\u00e9riment\u00e9e est toujours disponible pour partager ses connaissances avec nos clients.<\/li>\n \t<li>Nous avons acquis une r\u00e9putation enviable pour la livraison de pi\u00e8ces de haute qualit\u00e9 \u00e0 temps.<\/li>\n \t<li>Nous sommes des passionn\u00e9s du d\u00e9tail.<\/li>\n<\/ul>\t\t\t\t\t\t\t\t<\/div>\n\t\t\t\t<\/div>\n\t\t\t\t<div class=\"elementor-element elementor-element-5df7912 elementor-hidden-desktop elementor-hidden-tablet elementor-hidden-mobile elementor-widget elementor-widget-ivideopopup\" data-id=\"5df7912\" data-element_type=\"widget\" data-e-type=\"widget\" data-widget_type=\"ivideopopup.default\">\n\t\t\t\t<div class=\"elementor-widget-container\">\n\t\t\t\t\t\t\t<div class=\"video-popup\">\r\n\t\t\t<div class=\"btn-inner\">\r\n\t\t        <a class=\"btn-play\" href=\"https:\/\/www.youtube.com\/watch?v=lfDZJqSrIuk\">\r\n\t\t        \t<i class=\"flaticon-play\"><\/i>\r\n\t\t        \t\t\t        \t<span class=\"circle-1\"><\/span>\r\n\t\t\t\t\t<span class=\"circle-2\"><\/span>\r\n\t\t\t\t\t\t\t        <\/a>\r\n\t        <\/div>\r\n\t        <span>video showcase<\/span>\t    <\/div>\r\n\t    \t\t\t\t<\/div>\n\t\t\t\t<\/div>\n\t\t\t\t\t<\/div>\n\t\t<\/div>\n\t\t\t\t<div class=\"elementor-column elementor-col-50 elementor-top-column elementor-element elementor-element-7564da8 ot-column-items-top ot-flex-column-vertical\" data-id=\"7564da8\" data-element_type=\"column\" data-e-type=\"column\">\n\t\t\t<div class=\"elementor-widget-wrap elementor-element-populated\">\n\t\t\t\t\t\t<div class=\"elementor-element elementor-element-a047b6d elementor-widget elementor-widget-video\" data-id=\"a047b6d\" data-element_type=\"widget\" data-e-type=\"widget\" data-settings=\"{&quot;youtube_url&quot;:&quot;https:\\\/\\\/youtu.be\\\/XE4z-Qqx1JE&quot;,&quot;video_type&quot;:&quot;youtube&quot;,&quot;controls&quot;:&quot;yes&quot;}\" data-widget_type=\"video.default\">\n\t\t\t\t<div class=\"elementor-widget-container\">\n\t\t\t\t\t\t\t<div class=\"elementor-wrapper elementor-open-inline\">\n\t\t\t<div class=\"elementor-video\"><\/div>\t\t<\/div>\n\t\t\t\t\t\t<\/div>\n\t\t\t\t<\/div>\n\t\t\t\t\t<\/div>\n\t\t<\/div>\n\t\t\t\t\t<\/div>\n\t\t<\/section>\n\t\t\t\t<section class=\"elementor-section elementor-top-section elementor-element elementor-element-750075a3 ot-traditional elementor-section-boxed elementor-section-height-default elementor-section-height-default\" data-id=\"750075a3\" data-element_type=\"section\" data-e-type=\"section\" data-settings=\"{&quot;background_background&quot;:&quot;classic&quot;}\">\n\t\t\t\t\t\t<div class=\"elementor-container elementor-column-gap-default\">\n\t\t\t\t\t<div class=\"elementor-column elementor-col-100 elementor-top-column elementor-element elementor-element-2cd0b4c4 ot-flex-column-vertical\" data-id=\"2cd0b4c4\" data-element_type=\"column\" data-e-type=\"column\">\n\t\t\t<div class=\"elementor-widget-wrap elementor-element-populated\">\n\t\t\t\t\t\t<div class=\"elementor-element elementor-element-68efe1a1 elementor-widget elementor-widget-heading\" data-id=\"68efe1a1\" data-element_type=\"widget\" data-e-type=\"widget\" data-widget_type=\"heading.default\">\n\t\t\t\t<div class=\"elementor-widget-container\">\n\t\t\t\t\t<p class=\"elementor-heading-title elementor-size-default\">\/\/ Le souci du d\u00e9tail depuis 1987<\/p>\t\t\t\t<\/div>\n\t\t\t\t<\/div>\n\t\t\t\t<div class=\"elementor-element elementor-element-ea2f707 elementor-widget elementor-widget-heading\" data-id=\"ea2f707\" data-element_type=\"widget\" data-e-type=\"widget\" data-widget_type=\"heading.default\">\n\t\t\t\t<div class=\"elementor-widget-container\">\n\t\t\t\t\t<h2 class=\"elementor-heading-title elementor-size-default\">Nous contacter pour plus d\u2019informations<\/h2>\t\t\t\t<\/div>\n\t\t\t\t<\/div>\n\t\t\t\t<div class=\"elementor-element elementor-element-402e3e53 elementor-align-center elementor-widget elementor-widget-ibutton\" data-id=\"402e3e53\" data-element_type=\"widget\" data-e-type=\"widget\" data-widget_type=\"ibutton.default\">\n\t\t\t\t<div class=\"elementor-widget-container\">\n\t\t\t\t\t\t\t<div class=\"ot-button\">\r\n\t\t\t<a href=\"https:\/\/trafinc.com\/fr\/contact\/\" class=\"octf-btn octf-btn-primary\">Contact<\/a>\r\n\t    <\/div>\r\n\t    \t\t\t\t<\/div>\n\t\t\t\t<\/div>\n\t\t\t\t\t<\/div>\n\t\t<\/div>\n\t\t\t\t\t<\/div>\n\t\t<\/section>\n\t\t\t\t<\/div>\n\t\t","protected":false},"excerpt":{"rendered":"<p>\/\/ \u00c0 Propos Activit\u00e9s \u00c9tabli \u00e0 Montr\u00e9al en 1987, nous offrons de l\u2019assistance technique, de l\u2019usinage de haute pr\u00e9cision des composants avanc\u00e9s et de l\u2019assemblage. En plus nous g\u00e9rons des processus externes (OP). Notre centre d\u2019usinage 5-axes DMG-MORI DMU50 Ultrasonique permet l\u2019usinage de pi\u00e8ces 3-D complexes avec des besoins de pr\u00e9cision et de duret\u00e9 comme [&hellip;]<\/p>\n","protected":false},"author":1,"featured_media":0,"parent":0,"menu_order":0,"comment_status":"closed","ping_status":"closed","template":"","meta":{"footnotes":""},"class_list":["post-7374","page","type-page","status-publish","hentry"],"_links":{"self":[{"href":"https:\/\/trafinc.com\/fr\/wp-json\/wp\/v2\/pages\/7374","targetHints":{"allow":["GET"]}}],"collection":[{"href":"https:\/\/trafinc.com\/fr\/wp-json\/wp\/v2\/pages"}],"about":[{"href":"https:\/\/trafinc.com\/fr\/wp-json\/wp\/v2\/types\/page"}],"author":[{"embeddable":true,"href":"https:\/\/trafinc.com\/fr\/wp-json\/wp\/v2\/users\/1"}],"replies":[{"embeddable":true,"href":"https:\/\/trafinc.com\/fr\/wp-json\/wp\/v2\/comments?post=7374"}],"version-history":[{"count":0,"href":"https:\/\/trafinc.com\/fr\/wp-json\/wp\/v2\/pages\/7374\/revisions"}],"wp:attachment":[{"href":"https:\/\/trafinc.com\/fr\/wp-json\/wp\/v2\/media?parent=7374"}],"curies":[{"name":"wp","href":"https:\/\/api.w.org\/{rel}","templated":true}]}}