{"id":7384,"date":"2022-08-02T10:02:01","date_gmt":"2022-08-02T14:02:01","guid":{"rendered":"https:\/\/trafinc.com\/?page_id=7384"},"modified":"2022-09-12T18:13:19","modified_gmt":"2022-09-12T22:13:19","slug":"traf-en-bref","status":"publish","type":"page","link":"https:\/\/trafinc.com\/fr\/a-propos\/traf-en-bref\/","title":{"rendered":"TRAF En Bref"},"content":{"rendered":"\t\t<div data-elementor-type=\"wp-page\" data-elementor-id=\"7384\" class=\"elementor elementor-7384 elementor-5132\">\n\t\t\t\t\t\t<section class=\"elementor-section elementor-top-section elementor-element elementor-element-e9188e7 ot-traditional elementor-section-boxed elementor-section-height-default elementor-section-height-default\" data-id=\"e9188e7\" data-element_type=\"section\" data-e-type=\"section\">\n\t\t\t\t\t\t<div class=\"elementor-container elementor-column-gap-default\">\n\t\t\t\t\t<div class=\"elementor-column elementor-col-100 elementor-top-column elementor-element elementor-element-a555698 ot-flex-column-vertical\" data-id=\"a555698\" data-element_type=\"column\" data-e-type=\"column\">\n\t\t\t<div class=\"elementor-widget-wrap elementor-element-populated\">\n\t\t\t\t\t\t<div class=\"elementor-element elementor-element-c88c793 elementor-widget elementor-widget-iheading\" data-id=\"c88c793\" data-element_type=\"widget\" data-e-type=\"widget\" data-widget_type=\"iheading.default\">\n\t\t\t\t<div class=\"elementor-widget-container\">\n\t\t\t\t\t\t\t<div class=\"ot-heading\">\r\n\t        \t            <span>\/\/ \u00c0 Propos<\/span>\r\n\t        <h2 class=\"main-heading\">TRAF En Bref<\/h2>\t    <\/div>\r\n\t    \t\t\t\t<\/div>\n\t\t\t\t<\/div>\n\t\t\t\t\t<\/div>\n\t\t<\/div>\n\t\t\t\t\t<\/div>\n\t\t<\/section>\n\t\t\t\t<section class=\"elementor-section elementor-top-section elementor-element elementor-element-820b3dd elementor-section-content-top ot-traditional elementor-section-boxed elementor-section-height-default elementor-section-height-default\" data-id=\"820b3dd\" data-element_type=\"section\" data-e-type=\"section\">\n\t\t\t\t\t\t<div class=\"elementor-container elementor-column-gap-extended\">\n\t\t\t\t\t<div class=\"elementor-column elementor-col-100 elementor-top-column elementor-element elementor-element-fe1255a ot-flex-column-vertical\" data-id=\"fe1255a\" data-element_type=\"column\" data-e-type=\"column\">\n\t\t\t<div class=\"elementor-widget-wrap elementor-element-populated\">\n\t\t\t\t\t\t<section class=\"elementor-section elementor-inner-section elementor-element elementor-element-af0bca6 ot-traditional elementor-section-boxed elementor-section-height-default elementor-section-height-default\" data-id=\"af0bca6\" data-element_type=\"section\" data-e-type=\"section\">\n\t\t\t\t\t\t<div class=\"elementor-container elementor-column-gap-default\">\n\t\t\t\t\t<div class=\"elementor-column elementor-col-50 elementor-inner-column elementor-element elementor-element-ac1c9c3 ot-flex-column-vertical\" data-id=\"ac1c9c3\" data-element_type=\"column\" data-e-type=\"column\">\n\t\t\t<div class=\"elementor-widget-wrap elementor-element-populated\">\n\t\t\t\t\t\t<div class=\"elementor-element elementor-element-a0205d8 elementor-widget elementor-widget-iheading\" data-id=\"a0205d8\" data-element_type=\"widget\" data-e-type=\"widget\" data-widget_type=\"iheading.default\">\n\t\t\t\t<div class=\"elementor-widget-container\">\n\t\t\t\t\t\t\t<div class=\"ot-heading\">\r\n\t        <h3 class=\"main-heading\">Historique<\/h3>\t    <\/div>\r\n\t    \t\t\t\t<\/div>\n\t\t\t\t<\/div>\n\t\t\t\t<div class=\"elementor-element elementor-element-2bac94f2 elementor-widget elementor-widget-text-editor\" data-id=\"2bac94f2\" data-element_type=\"widget\" data-e-type=\"widget\" data-widget_type=\"text-editor.default\">\n\t\t\t\t<div class=\"elementor-widget-container\">\n\t\t\t\t\t\t\t\t\t<ul>\n \t<li>TRAF est \u00e0 l\u2019origine une petite entreprise performante offrant des services sp\u00e9cifiques dans l\u2019industrie a\u00e9rospatiale.<\/li>\n \t<li>Eric Giroux ach\u00e8te TRAF en 2012 ayant identifi\u00e9 une opportunit\u00e9 pour moderniser l\u2019organisation.\n<\/li>\n \t<li>L\u2019installation d\u2019un \u00ab ERP \u00bb permet la gestion de nos clients et de leurs produits durant le cycle de vie complet.<\/li>\n \t<li>L\u2019attention et la pr\u00e9cision apport\u00e9 au processus a \u00e9tabli TRAF comme un fournisseur de qualit\u00e9 fiable dans le secteur A\u00e9rospatiale.\n<\/li>\n<\/ul>\t\t\t\t\t\t\t\t<\/div>\n\t\t\t\t<\/div>\n\t\t\t\t\t<\/div>\n\t\t<\/div>\n\t\t\t\t<div class=\"elementor-column elementor-col-50 elementor-inner-column elementor-element elementor-element-aa2b5b5 ot-flex-column-vertical\" data-id=\"aa2b5b5\" data-element_type=\"column\" data-e-type=\"column\">\n\t\t\t<div class=\"elementor-widget-wrap elementor-element-populated\">\n\t\t\t\t\t\t<div class=\"elementor-element elementor-element-41d4a21 elementor-hidden-mobile elementor-widget elementor-widget-spacer\" data-id=\"41d4a21\" data-element_type=\"widget\" data-e-type=\"widget\" data-widget_type=\"spacer.default\">\n\t\t\t\t<div class=\"elementor-widget-container\">\n\t\t\t\t\t\t\t<div class=\"elementor-spacer\">\n\t\t\t<div class=\"elementor-spacer-inner\"><\/div>\n\t\t<\/div>\n\t\t\t\t\t\t<\/div>\n\t\t\t\t<\/div>\n\t\t\t\t<div class=\"elementor-element elementor-element-434444b elementor-widget elementor-widget-image\" data-id=\"434444b\" data-element_type=\"widget\" data-e-type=\"widget\" data-widget_type=\"image.default\">\n\t\t\t\t<div class=\"elementor-widget-container\">\n\t\t\t\t\t\t\t\t\t\t\t\t\t\t\t<img fetchpriority=\"high\" decoding=\"async\" width=\"422\" height=\"284\" src=\"https:\/\/trafinc.com\/wp-content\/uploads\/2022\/02\/about-eric.jpg\" class=\"attachment-large size-large wp-image-6469\" alt=\"\" \/>\t\t\t\t\t\t\t\t\t\t\t\t\t\t\t<\/div>\n\t\t\t\t<\/div>\n\t\t\t\t<div class=\"elementor-element elementor-element-0cadac7 elementor-widget elementor-widget-text-editor\" data-id=\"0cadac7\" data-element_type=\"widget\" data-e-type=\"widget\" data-widget_type=\"text-editor.default\">\n\t\t\t\t<div class=\"elementor-widget-container\">\n\t\t\t\t\t\t\t\t\t<p><i>President:\u00a0Eric Giroux<\/i><\/p>\t\t\t\t\t\t\t\t<\/div>\n\t\t\t\t<\/div>\n\t\t\t\t\t<\/div>\n\t\t<\/div>\n\t\t\t\t\t<\/div>\n\t\t<\/section>\n\t\t\t\t\t<\/div>\n\t\t<\/div>\n\t\t\t\t\t<\/div>\n\t\t<\/section>\n\t\t\t\t<section class=\"elementor-section elementor-top-section elementor-element elementor-element-3249e07 elementor-section-content-top ot-traditional elementor-section-boxed elementor-section-height-default elementor-section-height-default\" data-id=\"3249e07\" data-element_type=\"section\" data-e-type=\"section\" data-settings=\"{&quot;background_background&quot;:&quot;classic&quot;}\">\n\t\t\t\t\t\t<div class=\"elementor-container elementor-column-gap-extended\">\n\t\t\t\t\t<div class=\"elementor-column elementor-col-100 elementor-top-column elementor-element elementor-element-6e290ae0 ot-flex-column-vertical\" data-id=\"6e290ae0\" data-element_type=\"column\" data-e-type=\"column\">\n\t\t\t<div class=\"elementor-widget-wrap elementor-element-populated\">\n\t\t\t\t\t\t<section class=\"elementor-section elementor-inner-section elementor-element elementor-element-71c7b87 ot-traditional elementor-section-boxed elementor-section-height-default elementor-section-height-default\" data-id=\"71c7b87\" data-element_type=\"section\" data-e-type=\"section\">\n\t\t\t\t\t\t<div class=\"elementor-container elementor-column-gap-default\">\n\t\t\t\t\t<div class=\"elementor-column elementor-col-50 elementor-inner-column elementor-element elementor-element-3838af6 ot-flex-column-vertical\" data-id=\"3838af6\" data-element_type=\"column\" data-e-type=\"column\">\n\t\t\t<div class=\"elementor-widget-wrap elementor-element-populated\">\n\t\t\t\t\t\t<div class=\"elementor-element elementor-element-273dbd7 elementor-widget elementor-widget-iheading\" data-id=\"273dbd7\" data-element_type=\"widget\" data-e-type=\"widget\" data-widget_type=\"iheading.default\">\n\t\t\t\t<div class=\"elementor-widget-container\">\n\t\t\t\t\t\t\t<div class=\"ot-heading\">\r\n\t        <h3 class=\"main-heading\">\u00c9volution<\/h3>\t    <\/div>\r\n\t    \t\t\t\t<\/div>\n\t\t\t\t<\/div>\n\t\t\t\t<div class=\"elementor-element elementor-element-76c5efc elementor-widget elementor-widget-text-editor\" data-id=\"76c5efc\" data-element_type=\"widget\" data-e-type=\"widget\" data-widget_type=\"text-editor.default\">\n\t\t\t\t<div class=\"elementor-widget-container\">\n\t\t\t\t\t\t\t\t\t<ul><li>Pour diversifier notre portfolio de services, TRAF a investi dans un centre d\u2019usinage 5-axes DMG-MORI DMU50 Ultrasonique qui offre des options compl\u00e9mentaires \u00e0 l\u2019addition pr\u00e9c\u00e9dente d\u2019un tour 4-axes DMG-MORI<br \/>NLX 1500SY.<\/li><li>Des nouveaux march\u00e9s \u00e9mergeants utilisant des super alliages et c\u00e9ramiques avec des g\u00e9om\u00e9tries complexes peuvent \u00eatre servis par notre<br \/>DMU50 Ultrasonique.<\/li><li>Nous sommes \u00e9quip\u00e9s pour l\u2019avenir et nous pouvons usiner des mat\u00e9riaux conventionnels (ex : Aluminium, Acier et Acier Inoxydable).<\/li><li>En plus, nous pouvons prendre soin de vos sous-assembl\u00e9s et processus externes (OP).<\/li><\/ul>\t\t\t\t\t\t\t\t<\/div>\n\t\t\t\t<\/div>\n\t\t\t\t\t<\/div>\n\t\t<\/div>\n\t\t\t\t<div class=\"elementor-column elementor-col-50 elementor-inner-column elementor-element elementor-element-c973570 ot-flex-column-vertical\" data-id=\"c973570\" data-element_type=\"column\" data-e-type=\"column\">\n\t\t\t<div class=\"elementor-widget-wrap elementor-element-populated\">\n\t\t\t\t\t\t<div class=\"elementor-element elementor-element-1722939 elementor-hidden-mobile elementor-widget elementor-widget-spacer\" data-id=\"1722939\" data-element_type=\"widget\" data-e-type=\"widget\" data-widget_type=\"spacer.default\">\n\t\t\t\t<div class=\"elementor-widget-container\">\n\t\t\t\t\t\t\t<div class=\"elementor-spacer\">\n\t\t\t<div class=\"elementor-spacer-inner\"><\/div>\n\t\t<\/div>\n\t\t\t\t\t\t<\/div>\n\t\t\t\t<\/div>\n\t\t\t\t<div class=\"elementor-element elementor-element-027755f elementor-widget elementor-widget-image\" data-id=\"027755f\" data-element_type=\"widget\" data-e-type=\"widget\" data-widget_type=\"image.default\">\n\t\t\t\t<div class=\"elementor-widget-container\">\n\t\t\t\t\t\t\t\t\t\t\t\t\t\t\t<img decoding=\"async\" width=\"720\" height=\"455\" src=\"https:\/\/trafinc.com\/wp-content\/uploads\/2022\/03\/dmu-50-company-evolution.png\" class=\"attachment-large size-large wp-image-6679\" alt=\"\" \/>\t\t\t\t\t\t\t\t\t\t\t\t\t\t\t<\/div>\n\t\t\t\t<\/div>\n\t\t\t\t\t<\/div>\n\t\t<\/div>\n\t\t\t\t\t<\/div>\n\t\t<\/section>\n\t\t\t\t<div class=\"elementor-element elementor-element-ce922a8 elementor-widget elementor-widget-spacer\" data-id=\"ce922a8\" data-element_type=\"widget\" data-e-type=\"widget\" data-widget_type=\"spacer.default\">\n\t\t\t\t<div class=\"elementor-widget-container\">\n\t\t\t\t\t\t\t<div class=\"elementor-spacer\">\n\t\t\t<div class=\"elementor-spacer-inner\"><\/div>\n\t\t<\/div>\n\t\t\t\t\t\t<\/div>\n\t\t\t\t<\/div>\n\t\t\t\t\t<\/div>\n\t\t<\/div>\n\t\t\t\t\t<\/div>\n\t\t<\/section>\n\t\t\t\t<section class=\"elementor-section elementor-top-section elementor-element elementor-element-4a56c1c8 ot-traditional elementor-section-boxed elementor-section-height-default elementor-section-height-default\" data-id=\"4a56c1c8\" data-element_type=\"section\" data-e-type=\"section\" data-settings=\"{&quot;background_background&quot;:&quot;classic&quot;}\">\n\t\t\t\t\t\t<div class=\"elementor-container elementor-column-gap-default\">\n\t\t\t\t\t<div class=\"elementor-column elementor-col-100 elementor-top-column elementor-element elementor-element-4985bf33 ot-flex-column-vertical\" data-id=\"4985bf33\" data-element_type=\"column\" data-e-type=\"column\">\n\t\t\t<div class=\"elementor-widget-wrap elementor-element-populated\">\n\t\t\t\t\t\t<div class=\"elementor-element elementor-element-4c7b0c4 elementor-widget elementor-widget-heading\" data-id=\"4c7b0c4\" data-element_type=\"widget\" data-e-type=\"widget\" data-widget_type=\"heading.default\">\n\t\t\t\t<div class=\"elementor-widget-container\">\n\t\t\t\t\t<p class=\"elementor-heading-title elementor-size-default\">\/\/ Le souci du d\u00e9tail depuis 1987<\/p>\t\t\t\t<\/div>\n\t\t\t\t<\/div>\n\t\t\t\t<div class=\"elementor-element elementor-element-38e60d56 elementor-widget elementor-widget-heading\" data-id=\"38e60d56\" data-element_type=\"widget\" data-e-type=\"widget\" data-widget_type=\"heading.default\">\n\t\t\t\t<div class=\"elementor-widget-container\">\n\t\t\t\t\t<h2 class=\"elementor-heading-title elementor-size-default\">Nous contacter pour plus d\u2019informations<\/h2>\t\t\t\t<\/div>\n\t\t\t\t<\/div>\n\t\t\t\t<div class=\"elementor-element elementor-element-2b6ffee7 elementor-align-center elementor-widget elementor-widget-ibutton\" data-id=\"2b6ffee7\" data-element_type=\"widget\" data-e-type=\"widget\" data-widget_type=\"ibutton.default\">\n\t\t\t\t<div class=\"elementor-widget-container\">\n\t\t\t\t\t\t\t<div class=\"ot-button\">\r\n\t\t\t<a href=\"https:\/\/trafinc.com\/fr\/contact\/\" class=\"octf-btn octf-btn-primary\">Contact<\/a>\r\n\t    <\/div>\r\n\t    \t\t\t\t<\/div>\n\t\t\t\t<\/div>\n\t\t\t\t\t<\/div>\n\t\t<\/div>\n\t\t\t\t\t<\/div>\n\t\t<\/section>\n\t\t\t\t<\/div>\n\t\t","protected":false},"excerpt":{"rendered":"<p>\/\/ \u00c0 Propos TRAF En Bref Historique TRAF est \u00e0 l\u2019origine une petite entreprise performante offrant des services sp\u00e9cifiques dans l\u2019industrie a\u00e9rospatiale. Eric Giroux ach\u00e8te TRAF en 2012 ayant identifi\u00e9 une opportunit\u00e9 pour moderniser l\u2019organisation. L\u2019installation d\u2019un \u00ab ERP \u00bb permet la gestion de nos clients et de leurs produits durant le cycle de vie [&hellip;]<\/p>\n","protected":false},"author":1,"featured_media":0,"parent":7374,"menu_order":0,"comment_status":"closed","ping_status":"closed","template":"","meta":{"footnotes":""},"class_list":["post-7384","page","type-page","status-publish","hentry"],"_links":{"self":[{"href":"https:\/\/trafinc.com\/fr\/wp-json\/wp\/v2\/pages\/7384","targetHints":{"allow":["GET"]}}],"collection":[{"href":"https:\/\/trafinc.com\/fr\/wp-json\/wp\/v2\/pages"}],"about":[{"href":"https:\/\/trafinc.com\/fr\/wp-json\/wp\/v2\/types\/page"}],"author":[{"embeddable":true,"href":"https:\/\/trafinc.com\/fr\/wp-json\/wp\/v2\/users\/1"}],"replies":[{"embeddable":true,"href":"https:\/\/trafinc.com\/fr\/wp-json\/wp\/v2\/comments?post=7384"}],"version-history":[{"count":0,"href":"https:\/\/trafinc.com\/fr\/wp-json\/wp\/v2\/pages\/7384\/revisions"}],"up":[{"embeddable":true,"href":"https:\/\/trafinc.com\/fr\/wp-json\/wp\/v2\/pages\/7374"}],"wp:attachment":[{"href":"https:\/\/trafinc.com\/fr\/wp-json\/wp\/v2\/media?parent=7384"}],"curies":[{"name":"wp","href":"https:\/\/api.w.org\/{rel}","templated":true}]}}