{"id":7417,"date":"2022-08-02T14:04:08","date_gmt":"2022-08-02T18:04:08","guid":{"rendered":"https:\/\/trafinc.com\/?page_id=7417"},"modified":"2022-09-13T12:12:19","modified_gmt":"2022-09-13T16:12:19","slug":"sommaire","status":"publish","type":"page","link":"https:\/\/trafinc.com\/fr\/services\/sommaire\/","title":{"rendered":"Sommaire"},"content":{"rendered":"\t\t<div data-elementor-type=\"wp-page\" data-elementor-id=\"7417\" class=\"elementor elementor-7417 elementor-5193\">\n\t\t\t\t\t\t<section class=\"elementor-section elementor-top-section elementor-element elementor-element-8888e4b ot-traditional elementor-section-boxed elementor-section-height-default elementor-section-height-default\" data-id=\"8888e4b\" data-element_type=\"section\" data-e-type=\"section\">\n\t\t\t\t\t\t<div class=\"elementor-container elementor-column-gap-default\">\n\t\t\t\t\t<div class=\"elementor-column elementor-col-100 elementor-top-column elementor-element elementor-element-94279b0 ot-flex-column-vertical\" data-id=\"94279b0\" data-element_type=\"column\" data-e-type=\"column\">\n\t\t\t<div class=\"elementor-widget-wrap elementor-element-populated\">\n\t\t\t\t\t\t<div class=\"elementor-element elementor-element-c8eae90 elementor-widget elementor-widget-iheading\" data-id=\"c8eae90\" data-element_type=\"widget\" data-e-type=\"widget\" data-widget_type=\"iheading.default\">\n\t\t\t\t<div class=\"elementor-widget-container\">\n\t\t\t\t\t\t\t<div class=\"ot-heading\">\r\n\t        \t            <span>\/\/ Services<\/span>\r\n\t        <h2 class=\"main-heading\">Sommaire<\/h2>\t    <\/div>\r\n\t    \t\t\t\t<\/div>\n\t\t\t\t<\/div>\n\t\t\t\t\t<\/div>\n\t\t<\/div>\n\t\t\t\t\t<\/div>\n\t\t<\/section>\n\t\t\t\t<section class=\"elementor-section elementor-top-section elementor-element elementor-element-ab3e41b elementor-section-content-top ot-traditional elementor-section-boxed elementor-section-height-default elementor-section-height-default\" data-id=\"ab3e41b\" data-element_type=\"section\" data-e-type=\"section\">\n\t\t\t\t\t\t<div class=\"elementor-container elementor-column-gap-extended\">\n\t\t\t\t\t<div class=\"elementor-column elementor-col-100 elementor-top-column elementor-element elementor-element-6557655 ot-flex-column-vertical\" data-id=\"6557655\" data-element_type=\"column\" data-e-type=\"column\">\n\t\t\t<div class=\"elementor-widget-wrap elementor-element-populated\">\n\t\t\t\t\t\t<section class=\"elementor-section elementor-inner-section elementor-element elementor-element-515459f ot-traditional elementor-section-boxed elementor-section-height-default elementor-section-height-default\" data-id=\"515459f\" data-element_type=\"section\" data-e-type=\"section\">\n\t\t\t\t\t\t<div class=\"elementor-container elementor-column-gap-default\">\n\t\t\t\t\t<div class=\"elementor-column elementor-col-50 elementor-inner-column elementor-element elementor-element-0a87832 ot-flex-column-vertical\" data-id=\"0a87832\" data-element_type=\"column\" data-e-type=\"column\">\n\t\t\t<div class=\"elementor-widget-wrap elementor-element-populated\">\n\t\t\t\t\t\t<div class=\"elementor-element elementor-element-b9191d9 elementor-widget elementor-widget-iheading\" data-id=\"b9191d9\" data-element_type=\"widget\" data-e-type=\"widget\" data-widget_type=\"iheading.default\">\n\t\t\t\t<div class=\"elementor-widget-container\">\n\t\t\t\t\t\t\t<div class=\"ot-heading\">\r\n\t        <h3 class=\"main-heading\">Assistance Technique<\/h3>\t    <\/div>\r\n\t    \t\t\t\t<\/div>\n\t\t\t\t<\/div>\n\t\t\t\t<div class=\"elementor-element elementor-element-73b68512 elementor-widget elementor-widget-text-editor\" data-id=\"73b68512\" data-element_type=\"widget\" data-e-type=\"widget\" data-widget_type=\"text-editor.default\">\n\t\t\t\t<div class=\"elementor-widget-container\">\n\t\t\t\t\t\t\t\t\t<ul>\n \t<li>Nos techniciens ont plus de 30 ans d\u2019exp\u00e9rience dans le design et\nla fabrication.<\/li>\n \t<li>Nous sugg\u00e9rons fr\u00e9quemment des modifications \u00e0 nos clients pour am\u00e9liorer la performance.<\/li>\n \t<li>Des changements mineurs peuvent r\u00e9duire les co\u00fbts.<\/li>\n \t<li>Performance am\u00e9lior\u00e9 et moins ch\u00e8re!<\/li>\n<\/ul>\t\t\t\t\t\t\t\t<\/div>\n\t\t\t\t<\/div>\n\t\t\t\t\t<\/div>\n\t\t<\/div>\n\t\t\t\t<div class=\"elementor-column elementor-col-50 elementor-inner-column elementor-element elementor-element-176c029 ot-flex-column-vertical\" data-id=\"176c029\" data-element_type=\"column\" data-e-type=\"column\">\n\t\t\t<div class=\"elementor-widget-wrap elementor-element-populated\">\n\t\t\t\t\t\t<div class=\"elementor-element elementor-element-bc4be9b elementor-widget elementor-widget-spacer\" data-id=\"bc4be9b\" data-element_type=\"widget\" data-e-type=\"widget\" data-widget_type=\"spacer.default\">\n\t\t\t\t<div class=\"elementor-widget-container\">\n\t\t\t\t\t\t\t<div class=\"elementor-spacer\">\n\t\t\t<div class=\"elementor-spacer-inner\"><\/div>\n\t\t<\/div>\n\t\t\t\t\t\t<\/div>\n\t\t\t\t<\/div>\n\t\t\t\t<div class=\"elementor-element elementor-element-d3b5dbc elementor-widget elementor-widget-image\" data-id=\"d3b5dbc\" data-element_type=\"widget\" data-e-type=\"widget\" data-widget_type=\"image.default\">\n\t\t\t\t<div class=\"elementor-widget-container\">\n\t\t\t\t\t\t\t\t\t\t\t\t\t\t\t<img fetchpriority=\"high\" decoding=\"async\" width=\"422\" height=\"284\" src=\"https:\/\/trafinc.com\/wp-content\/uploads\/2022\/03\/services-tech-support.jpg\" class=\"attachment-medium_large size-medium_large wp-image-6684\" alt=\"\" \/>\t\t\t\t\t\t\t\t\t\t\t\t\t\t\t<\/div>\n\t\t\t\t<\/div>\n\t\t\t\t\t<\/div>\n\t\t<\/div>\n\t\t\t\t\t<\/div>\n\t\t<\/section>\n\t\t\t\t\t<\/div>\n\t\t<\/div>\n\t\t\t\t\t<\/div>\n\t\t<\/section>\n\t\t\t\t<section class=\"elementor-section elementor-top-section elementor-element elementor-element-4849875 elementor-section-content-top ot-traditional elementor-section-boxed elementor-section-height-default elementor-section-height-default\" data-id=\"4849875\" data-element_type=\"section\" data-e-type=\"section\">\n\t\t\t\t\t\t<div class=\"elementor-container elementor-column-gap-extended\">\n\t\t\t\t\t<div class=\"elementor-column elementor-col-100 elementor-top-column elementor-element elementor-element-51e784f ot-flex-column-vertical\" data-id=\"51e784f\" data-element_type=\"column\" data-e-type=\"column\">\n\t\t\t<div class=\"elementor-widget-wrap elementor-element-populated\">\n\t\t\t\t\t\t<section class=\"elementor-section elementor-inner-section elementor-element elementor-element-2e109a3 ot-traditional elementor-section-boxed elementor-section-height-default elementor-section-height-default\" data-id=\"2e109a3\" data-element_type=\"section\" data-e-type=\"section\">\n\t\t\t\t\t\t<div class=\"elementor-container elementor-column-gap-default\">\n\t\t\t\t\t<div class=\"elementor-column elementor-col-50 elementor-inner-column elementor-element elementor-element-f66fcee ot-flex-column-vertical\" data-id=\"f66fcee\" data-element_type=\"column\" data-e-type=\"column\">\n\t\t\t<div class=\"elementor-widget-wrap elementor-element-populated\">\n\t\t\t\t\t\t<div class=\"elementor-element elementor-element-7030ebf elementor-widget elementor-widget-iheading\" data-id=\"7030ebf\" data-element_type=\"widget\" data-e-type=\"widget\" data-widget_type=\"iheading.default\">\n\t\t\t\t<div class=\"elementor-widget-container\">\n\t\t\t\t\t\t\t<div class=\"ot-heading\">\r\n\t        <h3 class=\"main-heading\">Usinage de Haute Pr\u00e9cision des Composants Avanc\u00e9<\/h3>\t    <\/div>\r\n\t    \t\t\t\t<\/div>\n\t\t\t\t<\/div>\n\t\t\t\t<div class=\"elementor-element elementor-element-7f1ad70 elementor-widget elementor-widget-text-editor\" data-id=\"7f1ad70\" data-element_type=\"widget\" data-e-type=\"widget\" data-widget_type=\"text-editor.default\">\n\t\t\t\t<div class=\"elementor-widget-container\">\n\t\t\t\t\t\t\t\t\t<ul>\n<li><span lang=\"FR-CA\">&nbsp;<\/span><span lang=\"FR-CA\">Nous sommes sp\u00e9cialis\u00e9s dans les formes 3D constitu\u00e9s de super alliages et c\u00e9ramiques qui n\u00e9cessite l\u2019usinage 5-axes. Notre DMG-MORI DMU50 Ultrasonique nous permet d\u2019usiner les mati\u00e8res durs avec pr\u00e9cision <br>(ex : 0.00002 pouce \/ 5 microns) et efficacit\u00e9.<\/span><\/li>\n<li>Nous sommes \u00e9galement adeptes avec les mat\u00e9riaux conventionnels.<\/li>\n<li>Peu importe la forme ou les mat\u00e9riaux, nous pouvons adresser vos<br>besoins sp\u00e9cifiques.<\/li>\n<\/ul>\t\t\t\t\t\t\t\t<\/div>\n\t\t\t\t<\/div>\n\t\t\t\t\t<\/div>\n\t\t<\/div>\n\t\t\t\t<div class=\"elementor-column elementor-col-50 elementor-inner-column elementor-element elementor-element-9deb8a8 ot-flex-column-vertical\" data-id=\"9deb8a8\" data-element_type=\"column\" data-e-type=\"column\">\n\t\t\t<div class=\"elementor-widget-wrap elementor-element-populated\">\n\t\t\t\t\t\t<div class=\"elementor-element elementor-element-7d0752a elementor-widget elementor-widget-spacer\" data-id=\"7d0752a\" data-element_type=\"widget\" data-e-type=\"widget\" data-widget_type=\"spacer.default\">\n\t\t\t\t<div class=\"elementor-widget-container\">\n\t\t\t\t\t\t\t<div class=\"elementor-spacer\">\n\t\t\t<div class=\"elementor-spacer-inner\"><\/div>\n\t\t<\/div>\n\t\t\t\t\t\t<\/div>\n\t\t\t\t<\/div>\n\t\t\t\t<div class=\"elementor-element elementor-element-023ea12 elementor-widget elementor-widget-image\" data-id=\"023ea12\" data-element_type=\"widget\" data-e-type=\"widget\" data-widget_type=\"image.default\">\n\t\t\t\t<div class=\"elementor-widget-container\">\n\t\t\t\t\t\t\t\t\t\t\t\t\t\t\t<img decoding=\"async\" width=\"1024\" height=\"433\" src=\"https:\/\/trafinc.com\/wp-content\/uploads\/2022\/04\/high-precision-machining-1024x433.png\" class=\"attachment-large size-large wp-image-6975\" alt=\"\" srcset=\"https:\/\/trafinc.com\/wp-content\/uploads\/2022\/04\/high-precision-machining-1024x433.png 1024w, https:\/\/trafinc.com\/wp-content\/uploads\/2022\/04\/high-precision-machining-300x127.png 300w, https:\/\/trafinc.com\/wp-content\/uploads\/2022\/04\/high-precision-machining-768x325.png 768w, https:\/\/trafinc.com\/wp-content\/uploads\/2022\/04\/high-precision-machining-720x305.png 720w, https:\/\/trafinc.com\/wp-content\/uploads\/2022\/04\/high-precision-machining.png 1075w\" sizes=\"(max-width: 1024px) 100vw, 1024px\" \/>\t\t\t\t\t\t\t\t\t\t\t\t\t\t\t<\/div>\n\t\t\t\t<\/div>\n\t\t\t\t\t<\/div>\n\t\t<\/div>\n\t\t\t\t\t<\/div>\n\t\t<\/section>\n\t\t\t\t\t<\/div>\n\t\t<\/div>\n\t\t\t\t\t<\/div>\n\t\t<\/section>\n\t\t\t\t<section class=\"elementor-section elementor-top-section elementor-element elementor-element-1fd5e23a elementor-section-content-top ot-traditional elementor-section-boxed elementor-section-height-default elementor-section-height-default\" data-id=\"1fd5e23a\" data-element_type=\"section\" data-e-type=\"section\" data-settings=\"{&quot;background_background&quot;:&quot;classic&quot;}\">\n\t\t\t\t\t\t<div class=\"elementor-container elementor-column-gap-extended\">\n\t\t\t\t\t<div class=\"elementor-column elementor-col-50 elementor-top-column elementor-element elementor-element-50ba065b ot-flex-column-vertical\" data-id=\"50ba065b\" data-element_type=\"column\" data-e-type=\"column\">\n\t\t\t<div class=\"elementor-widget-wrap elementor-element-populated\">\n\t\t\t\t\t\t<div class=\"elementor-element elementor-element-e2eae12 elementor-widget elementor-widget-iheading\" data-id=\"e2eae12\" data-element_type=\"widget\" data-e-type=\"widget\" data-widget_type=\"iheading.default\">\n\t\t\t\t<div class=\"elementor-widget-container\">\n\t\t\t\t\t\t\t<div class=\"ot-heading\">\r\n\t        <h3 class=\"main-heading\">Assembl\u00e9 et Gestion de Processus Externe (OP)<\/h3>\t    <\/div>\r\n\t    \t\t\t\t<\/div>\n\t\t\t\t<\/div>\n\t\t\t\t<div class=\"elementor-element elementor-element-f27bc06 elementor-widget elementor-widget-text-editor\" data-id=\"f27bc06\" data-element_type=\"widget\" data-e-type=\"widget\" data-widget_type=\"text-editor.default\">\n\t\t\t\t<div class=\"elementor-widget-container\">\n\t\t\t\t\t\t\t\t\t<ul>\n \t<li>L\u2019assemblage de vos produits est fait avec pr\u00e9caution par notre<br>\u00e9quipe exp\u00e9riment\u00e9e.<\/li>\n \t<li>Pour r\u00e9duire vos responsabilit\u00e9s nous g\u00e9rons votre processus externe (OP) :\n<ul>\n \t<li>Traitement thermique<\/li>\n \t<li>Anodisation<\/li>\n \t<li>Peinture<\/li>\n \t<li>HVOF<\/li>\n \t<li>Grenaillage<\/li>\n \t<li>MPI<\/li>\n \t<li>FPI<\/li>\n \t<li>Passivation<\/li>\n \t<li>&#8230;et d\u2019autres.<\/li>\n<\/ul>\n<\/li>\n<\/ul>\t\t\t\t\t\t\t\t<\/div>\n\t\t\t\t<\/div>\n\t\t\t\t\t<\/div>\n\t\t<\/div>\n\t\t\t\t<div class=\"elementor-column elementor-col-50 elementor-top-column elementor-element elementor-element-1360dfe3 ot-column-items-top ot-flex-column-vertical\" data-id=\"1360dfe3\" data-element_type=\"column\" data-e-type=\"column\">\n\t\t\t<div class=\"elementor-widget-wrap elementor-element-populated\">\n\t\t\t\t\t\t<div class=\"elementor-element elementor-element-1f7b43a elementor-widget elementor-widget-spacer\" data-id=\"1f7b43a\" data-element_type=\"widget\" data-e-type=\"widget\" data-widget_type=\"spacer.default\">\n\t\t\t\t<div class=\"elementor-widget-container\">\n\t\t\t\t\t\t\t<div class=\"elementor-spacer\">\n\t\t\t<div class=\"elementor-spacer-inner\"><\/div>\n\t\t<\/div>\n\t\t\t\t\t\t<\/div>\n\t\t\t\t<\/div>\n\t\t\t\t<div class=\"elementor-element elementor-element-0fcc3cc elementor-widget elementor-widget-image\" data-id=\"0fcc3cc\" data-element_type=\"widget\" data-e-type=\"widget\" data-widget_type=\"image.default\">\n\t\t\t\t<div class=\"elementor-widget-container\">\n\t\t\t\t\t\t\t\t\t\t\t\t\t\t\t<img decoding=\"async\" width=\"1024\" height=\"238\" src=\"https:\/\/trafinc.com\/wp-content\/uploads\/2022\/04\/mechanical-assemblies-1024x238.png\" class=\"attachment-large size-large wp-image-6977\" alt=\"\" srcset=\"https:\/\/trafinc.com\/wp-content\/uploads\/2022\/04\/mechanical-assemblies-1024x238.png 1024w, https:\/\/trafinc.com\/wp-content\/uploads\/2022\/04\/mechanical-assemblies-300x70.png 300w, https:\/\/trafinc.com\/wp-content\/uploads\/2022\/04\/mechanical-assemblies-768x179.png 768w, https:\/\/trafinc.com\/wp-content\/uploads\/2022\/04\/mechanical-assemblies-720x168.png 720w, https:\/\/trafinc.com\/wp-content\/uploads\/2022\/04\/mechanical-assemblies.png 1440w\" sizes=\"(max-width: 1024px) 100vw, 1024px\" \/>\t\t\t\t\t\t\t\t\t\t\t\t\t\t\t<\/div>\n\t\t\t\t<\/div>\n\t\t\t\t\t<\/div>\n\t\t<\/div>\n\t\t\t\t\t<\/div>\n\t\t<\/section>\n\t\t\t\t<section class=\"elementor-section elementor-top-section elementor-element elementor-element-35c6fe72 ot-traditional elementor-section-boxed elementor-section-height-default elementor-section-height-default\" data-id=\"35c6fe72\" data-element_type=\"section\" data-e-type=\"section\" data-settings=\"{&quot;background_background&quot;:&quot;classic&quot;}\">\n\t\t\t\t\t\t<div class=\"elementor-container elementor-column-gap-default\">\n\t\t\t\t\t<div class=\"elementor-column elementor-col-100 elementor-top-column elementor-element elementor-element-6637ee0 ot-flex-column-vertical\" data-id=\"6637ee0\" data-element_type=\"column\" data-e-type=\"column\">\n\t\t\t<div class=\"elementor-widget-wrap elementor-element-populated\">\n\t\t\t\t\t\t<div class=\"elementor-element elementor-element-35c50e87 elementor-widget elementor-widget-heading\" data-id=\"35c50e87\" data-element_type=\"widget\" data-e-type=\"widget\" data-widget_type=\"heading.default\">\n\t\t\t\t<div class=\"elementor-widget-container\">\n\t\t\t\t\t<h2 class=\"elementor-heading-title elementor-size-default\">Nous contacter pour plus d\u2019informations<\/h2>\t\t\t\t<\/div>\n\t\t\t\t<\/div>\n\t\t\t\t<div class=\"elementor-element elementor-element-35b6911a elementor-align-center elementor-widget elementor-widget-ibutton\" data-id=\"35b6911a\" data-element_type=\"widget\" data-e-type=\"widget\" data-widget_type=\"ibutton.default\">\n\t\t\t\t<div class=\"elementor-widget-container\">\n\t\t\t\t\t\t\t<div class=\"ot-button\">\r\n\t\t\t<a href=\"https:\/\/trafinc.com\/fr\/contact\/\" class=\"octf-btn octf-btn-primary\">Contact<\/a>\r\n\t    <\/div>\r\n\t    \t\t\t\t<\/div>\n\t\t\t\t<\/div>\n\t\t\t\t\t<\/div>\n\t\t<\/div>\n\t\t\t\t\t<\/div>\n\t\t<\/section>\n\t\t\t\t<\/div>\n\t\t","protected":false},"excerpt":{"rendered":"<p>\/\/ Services Sommaire Assistance Technique Nos techniciens ont plus de 30 ans d\u2019exp\u00e9rience dans le design et la fabrication. Nous sugg\u00e9rons fr\u00e9quemment des modifications \u00e0 nos clients pour am\u00e9liorer la performance. Des changements mineurs peuvent r\u00e9duire les co\u00fbts. Performance am\u00e9lior\u00e9 et moins ch\u00e8re! Usinage de Haute Pr\u00e9cision des Composants Avanc\u00e9 &nbsp;Nous sommes sp\u00e9cialis\u00e9s dans les [&hellip;]<\/p>\n","protected":false},"author":1,"featured_media":0,"parent":7410,"menu_order":0,"comment_status":"closed","ping_status":"closed","template":"","meta":{"footnotes":""},"class_list":["post-7417","page","type-page","status-publish","hentry"],"_links":{"self":[{"href":"https:\/\/trafinc.com\/fr\/wp-json\/wp\/v2\/pages\/7417","targetHints":{"allow":["GET"]}}],"collection":[{"href":"https:\/\/trafinc.com\/fr\/wp-json\/wp\/v2\/pages"}],"about":[{"href":"https:\/\/trafinc.com\/fr\/wp-json\/wp\/v2\/types\/page"}],"author":[{"embeddable":true,"href":"https:\/\/trafinc.com\/fr\/wp-json\/wp\/v2\/users\/1"}],"replies":[{"embeddable":true,"href":"https:\/\/trafinc.com\/fr\/wp-json\/wp\/v2\/comments?post=7417"}],"version-history":[{"count":0,"href":"https:\/\/trafinc.com\/fr\/wp-json\/wp\/v2\/pages\/7417\/revisions"}],"up":[{"embeddable":true,"href":"https:\/\/trafinc.com\/fr\/wp-json\/wp\/v2\/pages\/7410"}],"wp:attachment":[{"href":"https:\/\/trafinc.com\/fr\/wp-json\/wp\/v2\/media?parent=7417"}],"curies":[{"name":"wp","href":"https:\/\/api.w.org\/{rel}","templated":true}]}}