{"id":7424,"date":"2022-08-02T15:32:25","date_gmt":"2022-08-02T19:32:25","guid":{"rendered":"https:\/\/trafinc.com\/?page_id=7424"},"modified":"2022-09-13T11:53:19","modified_gmt":"2022-09-13T15:53:19","slug":"equipement","status":"publish","type":"page","link":"https:\/\/trafinc.com\/fr\/services\/equipement\/","title":{"rendered":"\u00c9quipement"},"content":{"rendered":"\t\t<div data-elementor-type=\"wp-page\" data-elementor-id=\"7424\" class=\"elementor elementor-7424 elementor-6103\">\n\t\t\t\t\t\t<section class=\"elementor-section elementor-top-section elementor-element elementor-element-d0222a3 ot-traditional elementor-section-boxed elementor-section-height-default elementor-section-height-default\" data-id=\"d0222a3\" data-element_type=\"section\" data-e-type=\"section\">\n\t\t\t\t\t\t<div class=\"elementor-container elementor-column-gap-default\">\n\t\t\t\t\t<div class=\"elementor-column elementor-col-100 elementor-top-column elementor-element elementor-element-7d4a683 ot-flex-column-vertical\" data-id=\"7d4a683\" data-element_type=\"column\" data-e-type=\"column\">\n\t\t\t<div class=\"elementor-widget-wrap elementor-element-populated\">\n\t\t\t\t\t\t<div class=\"elementor-element elementor-element-5927a25 elementor-widget elementor-widget-iheading\" data-id=\"5927a25\" data-element_type=\"widget\" data-e-type=\"widget\" data-widget_type=\"iheading.default\">\n\t\t\t\t<div class=\"elementor-widget-container\">\n\t\t\t\t\t\t\t<div class=\"ot-heading\">\r\n\t        \t            <span>\/\/ Services<\/span>\r\n\t        <h2 class=\"main-heading\">\u00c9quipement<\/h2>\t    <\/div>\r\n\t    \t\t\t\t<\/div>\n\t\t\t\t<\/div>\n\t\t\t\t<div class=\"elementor-element elementor-element-d6b40fc elementor-widget elementor-widget-text-editor\" data-id=\"d6b40fc\" data-element_type=\"widget\" data-e-type=\"widget\" data-widget_type=\"text-editor.default\">\n\t\t\t\t<div class=\"elementor-widget-container\">\n\t\t\t\t\t\t\t\t\t<p>TRAF offre de l\u2019usinage moderne avec notre centre 5-axes et notre tour de 4-axes. Nous pr\u00e9parons nos mat\u00e9riaux et nous pouvons confirmer les dimensions critiques pour des petites pi\u00e8ces et des pi\u00e8ces plus grosses.<\/p>\t\t\t\t\t\t\t\t<\/div>\n\t\t\t\t<\/div>\n\t\t\t\t<section class=\"elementor-section elementor-inner-section elementor-element elementor-element-3a7cd3b elementor-section-full_width elementor-section-height-default elementor-section-height-default\" data-id=\"3a7cd3b\" data-element_type=\"section\" data-e-type=\"section\">\n\t\t\t\t\t\t<div class=\"elementor-container elementor-column-gap-default\">\n\t\t\t\t\t<div class=\"elementor-column elementor-col-33 elementor-inner-column elementor-element elementor-element-03af83d ot-flex-column-vertical\" data-id=\"03af83d\" data-element_type=\"column\" data-e-type=\"column\">\n\t\t\t<div class=\"elementor-widget-wrap elementor-element-populated\">\n\t\t\t\t\t\t<div class=\"elementor-element elementor-element-5d7085f equipment-item elementor-widget elementor-widget-isupport_box\" data-id=\"5d7085f\" data-element_type=\"widget\" data-e-type=\"widget\" data-widget_type=\"isupport_box.default\">\n\t\t\t\t<div class=\"elementor-widget-container\">\n\t\t\t\t\t\r\n\t\t<div class=\"support-box\">\r\n\t\t\t<div class=\"inner-box\">\r\n\t\t\t\t<div class=\"overlay flex-middle\">\r\n\t\t\t\t\t<span class=\"number-box\"><\/span>\r\n\t\t\t\t\t<div class=\"inner\">\r\n\t\t\t\t\t\t<p>Centre d\u2019usinage 5-axes avec robotisation int\u00e9gr\u00e9e.<br>\nCapacit\u00e9: 25\u201d x 20\u201d x 18.0\u201d, 28 hp, <br>20 000 rpm.<\/p>\r\n\t\t\t\t\t\t<a href=\"#\" class=\"btn-details\"><\/a>\r\n\t\t\t\t\t<\/div>\r\n\t\t\t\t<\/div>\r\n\t\t\t\t<div class=\"content-box\">\r\n\t\t\t\t\t<span class=\"number-box\"><\/span>\r\n\t\t\t\t\t<h3><\/h3>\r\n\t\t\t\t\t<img decoding=\"async\" src=\"https:\/\/trafinc.com\/wp-content\/uploads\/2021\/12\/dmg-mori-dmu50-ultrasonic.jpg\" alt=\"\">\r\n\t\t\t\t<\/div>\r\n\t\t\t<\/div>\r\n\t    <\/div>\r\n\r\n\t    \t\t\t\t<\/div>\n\t\t\t\t<\/div>\n\t\t\t\t\t<\/div>\n\t\t<\/div>\n\t\t\t\t<div class=\"elementor-column elementor-col-33 elementor-inner-column elementor-element elementor-element-f3ebe59 ot-flex-column-vertical\" data-id=\"f3ebe59\" data-element_type=\"column\" data-e-type=\"column\">\n\t\t\t<div class=\"elementor-widget-wrap elementor-element-populated\">\n\t\t\t\t\t\t<div class=\"elementor-element elementor-element-987181f equipment-item elementor-widget elementor-widget-isupport_box\" data-id=\"987181f\" data-element_type=\"widget\" data-e-type=\"widget\" data-widget_type=\"isupport_box.default\">\n\t\t\t\t<div class=\"elementor-widget-container\">\n\t\t\t\t\t\r\n\t\t<div class=\"support-box\">\r\n\t\t\t<div class=\"inner-box\">\r\n\t\t\t\t<div class=\"overlay flex-middle\">\r\n\t\t\t\t\t<span class=\"number-box\"><\/span>\r\n\t\t\t\t\t<div class=\"inner\">\r\n\t\t\t\t\t\t<p>Tour 4-axes avec outils dynamiques, <br>2 mandrins et alimentation robotis\u00e9e.<br>\nCapacit\u00e9 : Diam\u00e8tre 6\u201d, Longueur 23\u201d, <br>15 hp, 6 000 rpm, 1 000 psi.<\/p>\r\n\t\t\t\t\t\t<a href=\"#\" class=\"btn-details\"><\/a>\r\n\t\t\t\t\t<\/div>\r\n\t\t\t\t<\/div>\r\n\t\t\t\t<div class=\"content-box\">\r\n\t\t\t\t\t<span class=\"number-box\"><\/span>\r\n\t\t\t\t\t<h3><\/h3>\r\n\t\t\t\t\t<img decoding=\"async\" src=\"https:\/\/trafinc.com\/wp-content\/uploads\/2021\/12\/dmg-mori-nlx-1500sy.jpg\" alt=\"\">\r\n\t\t\t\t<\/div>\r\n\t\t\t<\/div>\r\n\t    <\/div>\r\n\r\n\t    \t\t\t\t<\/div>\n\t\t\t\t<\/div>\n\t\t\t\t\t<\/div>\n\t\t<\/div>\n\t\t\t\t<div class=\"elementor-column elementor-col-33 elementor-inner-column elementor-element elementor-element-b654f04 ot-flex-column-vertical\" data-id=\"b654f04\" data-element_type=\"column\" data-e-type=\"column\">\n\t\t\t<div class=\"elementor-widget-wrap elementor-element-populated\">\n\t\t\t\t\t\t<div class=\"elementor-element elementor-element-e737bde equipment-item elementor-widget elementor-widget-isupport_box\" data-id=\"e737bde\" data-element_type=\"widget\" data-e-type=\"widget\" data-widget_type=\"isupport_box.default\">\n\t\t\t\t<div class=\"elementor-widget-container\">\n\t\t\t\t\t\r\n\t\t<div class=\"support-box\">\r\n\t\t\t<div class=\"inner-box\">\r\n\t\t\t\t<div class=\"overlay flex-middle\">\r\n\t\t\t\t\t<span class=\"number-box\"><\/span>\r\n\t\t\t\t\t<div class=\"inner\">\r\n\t\t\t\t\t\t<p>Tour 3-axes avec outils dynamiques.<br>\nCapacit\u00e9 : Diam\u00e8tre 12\u201d, Longueur 14\u201d, <br>15 hp, 5 000 rpm.<\/p>\r\n\t\t\t\t\t\t<a href=\"#\" class=\"btn-details\"><\/a>\r\n\t\t\t\t\t<\/div>\r\n\t\t\t\t<\/div>\r\n\t\t\t\t<div class=\"content-box\">\r\n\t\t\t\t\t<span class=\"number-box\"><\/span>\r\n\t\t\t\t\t<h3><\/h3>\r\n\t\t\t\t\t<img decoding=\"async\" src=\"https:\/\/trafinc.com\/wp-content\/uploads\/2021\/12\/hardinge-elite-851-v.jpg\" alt=\"\">\r\n\t\t\t\t<\/div>\r\n\t\t\t<\/div>\r\n\t    <\/div>\r\n\r\n\t    \t\t\t\t<\/div>\n\t\t\t\t<\/div>\n\t\t\t\t\t<\/div>\n\t\t<\/div>\n\t\t\t\t\t<\/div>\n\t\t<\/section>\n\t\t\t\t<div class=\"elementor-element elementor-element-71cce62 elementor-widget elementor-widget-spacer\" data-id=\"71cce62\" data-element_type=\"widget\" data-e-type=\"widget\" data-widget_type=\"spacer.default\">\n\t\t\t\t<div class=\"elementor-widget-container\">\n\t\t\t\t\t\t\t<div class=\"elementor-spacer\">\n\t\t\t<div class=\"elementor-spacer-inner\"><\/div>\n\t\t<\/div>\n\t\t\t\t\t\t<\/div>\n\t\t\t\t<\/div>\n\t\t\t\t<section class=\"elementor-section elementor-inner-section elementor-element elementor-element-51743f0 elementor-section-full_width ot-traditional elementor-section-height-default elementor-section-height-default\" data-id=\"51743f0\" data-element_type=\"section\" data-e-type=\"section\">\n\t\t\t\t\t\t<div class=\"elementor-container elementor-column-gap-default\">\n\t\t\t\t\t<div class=\"elementor-column elementor-col-33 elementor-inner-column elementor-element elementor-element-1cdde1f ot-flex-column-vertical\" data-id=\"1cdde1f\" data-element_type=\"column\" data-e-type=\"column\">\n\t\t\t<div class=\"elementor-widget-wrap elementor-element-populated\">\n\t\t\t\t\t\t<div class=\"elementor-element elementor-element-8b12af8 equipment-item elementor-widget elementor-widget-isupport_box\" data-id=\"8b12af8\" data-element_type=\"widget\" data-e-type=\"widget\" data-widget_type=\"isupport_box.default\">\n\t\t\t\t<div class=\"elementor-widget-container\">\n\t\t\t\t\t\r\n\t\t<div class=\"support-box\">\r\n\t\t\t<div class=\"inner-box\">\r\n\t\t\t\t<div class=\"overlay flex-middle\">\r\n\t\t\t\t\t<span class=\"number-box\"><\/span>\r\n\t\t\t\t\t<div class=\"inner\">\r\n\t\t\t\t\t\t<p>Tour 3-axes avec outils dynamiques.<br>\nCapacit\u00e9 : Diam\u00e8tre 3\u201d, Longueur 10\u201d,  7 hp, <br>6 300 rpm.<\/p>\r\n\t\t\t\t\t\t<a href=\"#\" class=\"btn-details\"><\/a>\r\n\t\t\t\t\t<\/div>\r\n\t\t\t\t<\/div>\r\n\t\t\t\t<div class=\"content-box\">\r\n\t\t\t\t\t<span class=\"number-box\"><\/span>\r\n\t\t\t\t\t<h3><\/h3>\r\n\t\t\t\t\t<img decoding=\"async\" src=\"https:\/\/trafinc.com\/wp-content\/uploads\/2021\/12\/emcoturn-e25.jpg\" alt=\"\">\r\n\t\t\t\t<\/div>\r\n\t\t\t<\/div>\r\n\t    <\/div>\r\n\r\n\t    \t\t\t\t<\/div>\n\t\t\t\t<\/div>\n\t\t\t\t\t<\/div>\n\t\t<\/div>\n\t\t\t\t<div class=\"elementor-column elementor-col-33 elementor-inner-column elementor-element elementor-element-7562a9c ot-flex-column-vertical\" data-id=\"7562a9c\" data-element_type=\"column\" data-e-type=\"column\">\n\t\t\t<div class=\"elementor-widget-wrap elementor-element-populated\">\n\t\t\t\t\t\t<div class=\"elementor-element elementor-element-9596ccd equipment-item elementor-widget elementor-widget-isupport_box\" data-id=\"9596ccd\" data-element_type=\"widget\" data-e-type=\"widget\" data-widget_type=\"isupport_box.default\">\n\t\t\t\t<div class=\"elementor-widget-container\">\n\t\t\t\t\t\r\n\t\t<div class=\"support-box\">\r\n\t\t\t<div class=\"inner-box\">\r\n\t\t\t\t<div class=\"overlay flex-middle\">\r\n\t\t\t\t\t<span class=\"number-box\"><\/span>\r\n\t\t\t\t\t<div class=\"inner\">\r\n\t\t\t\t\t\t<p>Fraiseuse verticale 3-axes.<br>\nCapacit\u00e9 : 18.9\u201d x 15.8\u201d x 13.0\u201d, 10 hp, <br>10 000 rpm.<\/p>\r\n\t\t\t\t\t\t<a href=\"#\" class=\"btn-details\"><\/a>\r\n\t\t\t\t\t<\/div>\r\n\t\t\t\t<\/div>\r\n\t\t\t\t<div class=\"content-box\">\r\n\t\t\t\t\t<span class=\"number-box\"><\/span>\r\n\t\t\t\t\t<h3><\/h3>\r\n\t\t\t\t\t<img decoding=\"async\" src=\"https:\/\/trafinc.com\/wp-content\/uploads\/2021\/12\/hardinge-vmc-480p.jpg\" alt=\"\">\r\n\t\t\t\t<\/div>\r\n\t\t\t<\/div>\r\n\t    <\/div>\r\n\r\n\t    \t\t\t\t<\/div>\n\t\t\t\t<\/div>\n\t\t\t\t\t<\/div>\n\t\t<\/div>\n\t\t\t\t<div class=\"elementor-column elementor-col-33 elementor-inner-column elementor-element elementor-element-d07d466 ot-flex-column-vertical\" data-id=\"d07d466\" data-element_type=\"column\" data-e-type=\"column\">\n\t\t\t<div class=\"elementor-widget-wrap elementor-element-populated\">\n\t\t\t\t\t\t<div class=\"elementor-element elementor-element-b1d3bbe equipment-item elementor-widget elementor-widget-isupport_box\" data-id=\"b1d3bbe\" data-element_type=\"widget\" data-e-type=\"widget\" data-widget_type=\"isupport_box.default\">\n\t\t\t\t<div class=\"elementor-widget-container\">\n\t\t\t\t\t\r\n\t\t<div class=\"support-box\">\r\n\t\t\t<div class=\"inner-box\">\r\n\t\t\t\t<div class=\"overlay flex-middle\">\r\n\t\t\t\t\t<span class=\"number-box\"><\/span>\r\n\t\t\t\t\t<div class=\"inner\">\r\n\t\t\t\t\t\t<p>Tron\u00e7onneuse automatique : <br>Capacit\u00e9 de 7\u201d x 4\u201d<\/p>\r\n\t\t\t\t\t\t<a href=\"#\" class=\"btn-details\"><\/a>\r\n\t\t\t\t\t<\/div>\r\n\t\t\t\t<\/div>\r\n\t\t\t\t<div class=\"content-box\">\r\n\t\t\t\t\t<span class=\"number-box\"><\/span>\r\n\t\t\t\t\t<h3><\/h3>\r\n\t\t\t\t\t<img decoding=\"async\" src=\"https:\/\/trafinc.com\/wp-content\/uploads\/2021\/12\/imet-sirio-370-af-nc.jpg\" alt=\"\">\r\n\t\t\t\t<\/div>\r\n\t\t\t<\/div>\r\n\t    <\/div>\r\n\r\n\t    \t\t\t\t<\/div>\n\t\t\t\t<\/div>\n\t\t\t\t\t<\/div>\n\t\t<\/div>\n\t\t\t\t\t<\/div>\n\t\t<\/section>\n\t\t\t\t<div class=\"elementor-element elementor-element-13b0734 elementor-widget elementor-widget-spacer\" data-id=\"13b0734\" data-element_type=\"widget\" data-e-type=\"widget\" data-widget_type=\"spacer.default\">\n\t\t\t\t<div class=\"elementor-widget-container\">\n\t\t\t\t\t\t\t<div class=\"elementor-spacer\">\n\t\t\t<div class=\"elementor-spacer-inner\"><\/div>\n\t\t<\/div>\n\t\t\t\t\t\t<\/div>\n\t\t\t\t<\/div>\n\t\t\t\t<section class=\"elementor-section elementor-inner-section elementor-element elementor-element-0251e35 elementor-section-full_width ot-traditional elementor-section-height-default elementor-section-height-default\" data-id=\"0251e35\" data-element_type=\"section\" data-e-type=\"section\">\n\t\t\t\t\t\t<div class=\"elementor-container elementor-column-gap-default\">\n\t\t\t\t\t<div class=\"elementor-column elementor-col-33 elementor-inner-column elementor-element elementor-element-a73530b ot-flex-column-vertical\" data-id=\"a73530b\" data-element_type=\"column\" data-e-type=\"column\">\n\t\t\t<div class=\"elementor-widget-wrap elementor-element-populated\">\n\t\t\t\t\t\t<div class=\"elementor-element elementor-element-9370ca6 equipment-item elementor-widget elementor-widget-isupport_box\" data-id=\"9370ca6\" data-element_type=\"widget\" data-e-type=\"widget\" data-widget_type=\"isupport_box.default\">\n\t\t\t\t<div class=\"elementor-widget-container\">\n\t\t\t\t\t\r\n\t\t<div class=\"support-box\">\r\n\t\t\t<div class=\"inner-box\">\r\n\t\t\t\t<div class=\"overlay flex-middle\">\r\n\t\t\t\t\t<span class=\"number-box\"><\/span>\r\n\t\t\t\t\t<div class=\"inner\">\r\n\t\t\t\t\t\t<p>Scie horizontale automatique : <br>Capacit\u00e9 de 18\u201d x 12\u201d<\/p>\r\n\t\t\t\t\t\t<a href=\"#\" class=\"btn-details\"><\/a>\r\n\t\t\t\t\t<\/div>\r\n\t\t\t\t<\/div>\r\n\t\t\t\t<div class=\"content-box\">\r\n\t\t\t\t\t<span class=\"number-box\"><\/span>\r\n\t\t\t\t\t<h3><\/h3>\r\n\t\t\t\t\t<img decoding=\"async\" src=\"https:\/\/trafinc.com\/wp-content\/uploads\/2021\/12\/imet-ks-450-ft.jpg\" alt=\"\">\r\n\t\t\t\t<\/div>\r\n\t\t\t<\/div>\r\n\t    <\/div>\r\n\r\n\t    \t\t\t\t<\/div>\n\t\t\t\t<\/div>\n\t\t\t\t\t<\/div>\n\t\t<\/div>\n\t\t\t\t<div class=\"elementor-column elementor-col-33 elementor-inner-column elementor-element elementor-element-b79f370 ot-flex-column-vertical\" data-id=\"b79f370\" data-element_type=\"column\" data-e-type=\"column\">\n\t\t\t<div class=\"elementor-widget-wrap elementor-element-populated\">\n\t\t\t\t\t\t<div class=\"elementor-element elementor-element-9b71197 equipment-item elementor-widget elementor-widget-isupport_box\" data-id=\"9b71197\" data-element_type=\"widget\" data-e-type=\"widget\" data-widget_type=\"isupport_box.default\">\n\t\t\t\t<div class=\"elementor-widget-container\">\n\t\t\t\t\t\r\n\t\t<div class=\"support-box\">\r\n\t\t\t<div class=\"inner-box\">\r\n\t\t\t\t<div class=\"overlay flex-middle\">\r\n\t\t\t\t\t<span class=\"number-box\"><\/span>\r\n\t\t\t\t\t<div class=\"inner\">\r\n\t\t\t\t\t\t<p>Dimension de pi\u00e8ces : 39\u201d x 27\u201d x 25\u201d <br>\u00c9quip\u00e9 avec palpeur<br>Pr\u00e9cision \u00b1 4 \u03bcm (0.00016\u201d)\n<\/p>\r\n\t\t\t\t\t\t<a href=\"#\" class=\"btn-details\"><\/a>\r\n\t\t\t\t\t<\/div>\r\n\t\t\t\t<\/div>\r\n\t\t\t\t<div class=\"content-box\">\r\n\t\t\t\t\t<span class=\"number-box\"><\/span>\r\n\t\t\t\t\t<h3><\/h3>\r\n\t\t\t\t\t<img decoding=\"async\" src=\"https:\/\/trafinc.com\/wp-content\/uploads\/2021\/12\/brown-sharpe-cmm-7.10.7.jpg\" alt=\"\">\r\n\t\t\t\t<\/div>\r\n\t\t\t<\/div>\r\n\t    <\/div>\r\n\r\n\t    \t\t\t\t<\/div>\n\t\t\t\t<\/div>\n\t\t\t\t\t<\/div>\n\t\t<\/div>\n\t\t\t\t<div class=\"elementor-column elementor-col-33 elementor-inner-column elementor-element elementor-element-4b0970c ot-flex-column-vertical\" data-id=\"4b0970c\" data-element_type=\"column\" data-e-type=\"column\">\n\t\t\t<div class=\"elementor-widget-wrap elementor-element-populated\">\n\t\t\t\t\t\t<div class=\"elementor-element elementor-element-81baf6a equipment-item elementor-widget elementor-widget-isupport_box\" data-id=\"81baf6a\" data-element_type=\"widget\" data-e-type=\"widget\" data-widget_type=\"isupport_box.default\">\n\t\t\t\t<div class=\"elementor-widget-container\">\n\t\t\t\t\t\r\n\t\t<div class=\"support-box\">\r\n\t\t\t<div class=\"inner-box\">\r\n\t\t\t\t<div class=\"overlay flex-middle\">\r\n\t\t\t\t\t<span class=\"number-box\"><\/span>\r\n\t\t\t\t\t<div class=\"inner\">\r\n\t\t\t\t\t\t<p>Dimension de pi\u00e8ces : 10\u201d x 8\u201d x 6\u201d<br>\nMesure non-contacte optique<br>\n3D \u00c9quip\u00e9 avec palpeur<br>\nPr\u00e9cision \u00b1 1 \u03bcm (0.000039\u201d)<\/p>\r\n\t\t\t\t\t\t<a href=\"#\" class=\"btn-details\"><\/a>\r\n\t\t\t\t\t<\/div>\r\n\t\t\t\t<\/div>\r\n\t\t\t\t<div class=\"content-box\">\r\n\t\t\t\t\t<span class=\"number-box\"><\/span>\r\n\t\t\t\t\t<h3><\/h3>\r\n\t\t\t\t\t<img decoding=\"async\" src=\"https:\/\/trafinc.com\/wp-content\/uploads\/2021\/12\/mitutoyo-quick-vision-active.jpg\" alt=\"\">\r\n\t\t\t\t<\/div>\r\n\t\t\t<\/div>\r\n\t    <\/div>\r\n\r\n\t    \t\t\t\t<\/div>\n\t\t\t\t<\/div>\n\t\t\t\t\t<\/div>\n\t\t<\/div>\n\t\t\t\t\t<\/div>\n\t\t<\/section>\n\t\t\t\t\t<\/div>\n\t\t<\/div>\n\t\t\t\t\t<\/div>\n\t\t<\/section>\n\t\t\t\t<section class=\"elementor-section elementor-top-section elementor-element elementor-element-0c9fd80 ot-traditional elementor-section-boxed elementor-section-height-default elementor-section-height-default\" data-id=\"0c9fd80\" data-element_type=\"section\" data-e-type=\"section\">\n\t\t\t\t\t\t<div class=\"elementor-container elementor-column-gap-default\">\n\t\t\t\t\t<div class=\"elementor-column elementor-col-100 elementor-top-column elementor-element elementor-element-00a8394 ot-flex-column-vertical\" data-id=\"00a8394\" data-element_type=\"column\" data-e-type=\"column\">\n\t\t\t<div class=\"elementor-widget-wrap elementor-element-populated\">\n\t\t\t\t\t\t<section class=\"elementor-section elementor-inner-section elementor-element elementor-element-65149ed ot-traditional elementor-section-boxed elementor-section-height-default elementor-section-height-default\" data-id=\"65149ed\" data-element_type=\"section\" data-e-type=\"section\">\n\t\t\t\t\t\t<div class=\"elementor-container elementor-column-gap-default\">\n\t\t\t\t\t<div class=\"elementor-column elementor-col-100 elementor-inner-column elementor-element elementor-element-4795fa4 ot-flex-column-vertical\" data-id=\"4795fa4\" data-element_type=\"column\" data-e-type=\"column\">\n\t\t\t<div class=\"elementor-widget-wrap elementor-element-populated\">\n\t\t\t\t\t\t<div class=\"elementor-element elementor-element-5cf76a7 elementor-align-center elementor-widget elementor-widget-ibutton\" data-id=\"5cf76a7\" data-element_type=\"widget\" data-e-type=\"widget\" data-widget_type=\"ibutton.default\">\n\t\t\t\t<div class=\"elementor-widget-container\">\n\t\t\t\t\t\t\t<div class=\"ot-button\">\r\n\t\t\t<a href=\"https:\/\/trafinc.com\/wp-content\/uploads\/2022\/09\/TRAF-FR-equipment.pdf\" target=\"_blank\" class=\"octf-btn octf-btn-second\">T\u00e9l\u00e9charger PDF<\/a>\r\n\t    <\/div>\r\n\t    \t\t\t\t<\/div>\n\t\t\t\t<\/div>\n\t\t\t\t\t<\/div>\n\t\t<\/div>\n\t\t\t\t\t<\/div>\n\t\t<\/section>\n\t\t\t\t\t<\/div>\n\t\t<\/div>\n\t\t\t\t\t<\/div>\n\t\t<\/section>\n\t\t\t\t<\/div>\n\t\t","protected":false},"excerpt":{"rendered":"<p>\/\/ Services \u00c9quipement TRAF offre de l\u2019usinage moderne avec notre centre 5-axes et notre tour de 4-axes. Nous pr\u00e9parons nos mat\u00e9riaux et nous pouvons confirmer les dimensions critiques pour des petites pi\u00e8ces et des pi\u00e8ces plus grosses. Centre d\u2019usinage 5-axes avec robotisation int\u00e9gr\u00e9e. Capacit\u00e9: 25\u201d x 20\u201d x 18.0\u201d, 28 hp, 20 000 rpm. Tour [&hellip;]<\/p>\n","protected":false},"author":1,"featured_media":0,"parent":7410,"menu_order":0,"comment_status":"closed","ping_status":"closed","template":"","meta":{"footnotes":""},"class_list":["post-7424","page","type-page","status-publish","hentry"],"_links":{"self":[{"href":"https:\/\/trafinc.com\/fr\/wp-json\/wp\/v2\/pages\/7424","targetHints":{"allow":["GET"]}}],"collection":[{"href":"https:\/\/trafinc.com\/fr\/wp-json\/wp\/v2\/pages"}],"about":[{"href":"https:\/\/trafinc.com\/fr\/wp-json\/wp\/v2\/types\/page"}],"author":[{"embeddable":true,"href":"https:\/\/trafinc.com\/fr\/wp-json\/wp\/v2\/users\/1"}],"replies":[{"embeddable":true,"href":"https:\/\/trafinc.com\/fr\/wp-json\/wp\/v2\/comments?post=7424"}],"version-history":[{"count":0,"href":"https:\/\/trafinc.com\/fr\/wp-json\/wp\/v2\/pages\/7424\/revisions"}],"up":[{"embeddable":true,"href":"https:\/\/trafinc.com\/fr\/wp-json\/wp\/v2\/pages\/7410"}],"wp:attachment":[{"href":"https:\/\/trafinc.com\/fr\/wp-json\/wp\/v2\/media?parent=7424"}],"curies":[{"name":"wp","href":"https:\/\/api.w.org\/{rel}","templated":true}]}}