{"id":7434,"date":"2022-08-02T15:52:31","date_gmt":"2022-08-02T19:52:31","guid":{"rendered":"https:\/\/trafinc.com\/?page_id=7434"},"modified":"2022-09-09T17:09:50","modified_gmt":"2022-09-09T21:09:50","slug":"marches","status":"publish","type":"page","link":"https:\/\/trafinc.com\/fr\/services\/marches\/","title":{"rendered":"March\u00e9s"},"content":{"rendered":"\t\t<div data-elementor-type=\"wp-page\" data-elementor-id=\"7434\" class=\"elementor elementor-7434 elementor-5205\">\n\t\t\t\t\t\t<section class=\"elementor-section elementor-top-section elementor-element elementor-element-537d626 ot-traditional elementor-section-boxed elementor-section-height-default elementor-section-height-default\" data-id=\"537d626\" data-element_type=\"section\" data-e-type=\"section\">\n\t\t\t\t\t\t<div class=\"elementor-container elementor-column-gap-default\">\n\t\t\t\t\t<div class=\"elementor-column elementor-col-100 elementor-top-column elementor-element elementor-element-e4e5563 ot-flex-column-vertical\" data-id=\"e4e5563\" data-element_type=\"column\" data-e-type=\"column\">\n\t\t\t<div class=\"elementor-widget-wrap elementor-element-populated\">\n\t\t\t\t\t\t<div class=\"elementor-element elementor-element-3a30d0d elementor-widget elementor-widget-iheading\" data-id=\"3a30d0d\" data-element_type=\"widget\" data-e-type=\"widget\" data-widget_type=\"iheading.default\">\n\t\t\t\t<div class=\"elementor-widget-container\">\n\t\t\t\t\t\t\t<div class=\"ot-heading\">\r\n\t        \t            <span>\/\/ Services<\/span>\r\n\t        <h2 class=\"main-heading\">March\u00e9s<\/h2>\t    <\/div>\r\n\t    \t\t\t\t<\/div>\n\t\t\t\t<\/div>\n\t\t\t\t\t<\/div>\n\t\t<\/div>\n\t\t\t\t\t<\/div>\n\t\t<\/section>\n\t\t\t\t<section class=\"elementor-section elementor-top-section elementor-element elementor-element-2748855a ot-traditional elementor-section-boxed elementor-section-height-default elementor-section-height-default\" data-id=\"2748855a\" data-element_type=\"section\" data-e-type=\"section\" data-settings=\"{&quot;background_background&quot;:&quot;classic&quot;}\">\n\t\t\t\t\t\t<div class=\"elementor-container elementor-column-gap-extended\">\n\t\t\t\t\t<div class=\"elementor-column elementor-col-50 elementor-top-column elementor-element elementor-element-3b619297 ot-flex-column-vertical\" data-id=\"3b619297\" data-element_type=\"column\" data-e-type=\"column\">\n\t\t\t<div class=\"elementor-widget-wrap elementor-element-populated\">\n\t\t\t\t\t\t<div class=\"elementor-element elementor-element-3d85bb55 elementor-widget elementor-widget-text-editor\" data-id=\"3d85bb55\" data-element_type=\"widget\" data-e-type=\"widget\" data-widget_type=\"text-editor.default\">\n\t\t\t\t<div class=\"elementor-widget-container\">\n\t\t\t\t\t\t\t\t\t<ul>\n \t<li>TRAF est reconnu dans l\u2019industrie a\u00e9rospatiale pour sa capacit\u00e9 \u00e0 livrer des pi\u00e8ces de qualit\u00e9 tel que convenu et pour l\u2019efficacit\u00e9 de sa gestion de projet.<\/li>\n \t<li>Nous sommes certifi\u00e9s AS9100, ISO9001 et PMC assurant nos clients du professionnalisme de nos services.<\/li>\n \t<li>Pr\u00e9sentement, nous servons divers march\u00e9s : a\u00e9rospatiale, d\u00e9fense, sant\u00e9, alimentation, \u00e9nergie, \u00e9lectronique et chemin de fer.\n<\/li>\n \t<li>TRAF fabrique plus de 1,600 pi\u00e8ces uniques.\n<ul>\n \t<li>Nos pi\u00e8ces se trouve dans des produits fabriqu\u00e9 par : Airbus, Lockheed, Boeing, Embraer, Golfstream, Dassult, Cesna, Sikorsky, Bell Trexton, Pratt &#038; Whitney, CAE et d\u2019autres.<\/li>\n \t<li>Un peu moins que 50% de notre production est pour l\u2019industrie de la d\u00e9fense et de la s\u00e9curit\u00e9.<\/li>\n<\/ul>\n<\/li>\n<\/ul>\t\t\t\t\t\t\t\t<\/div>\n\t\t\t\t<\/div>\n\t\t\t\t\t<\/div>\n\t\t<\/div>\n\t\t\t\t<div class=\"elementor-column elementor-col-50 elementor-top-column elementor-element elementor-element-7ed8bf5 ot-column-items-top ot-flex-column-vertical\" data-id=\"7ed8bf5\" data-element_type=\"column\" data-e-type=\"column\">\n\t\t\t<div class=\"elementor-widget-wrap elementor-element-populated\">\n\t\t\t\t\t\t<section class=\"elementor-section elementor-inner-section elementor-element elementor-element-8c4d4b3 ot-traditional elementor-section-boxed elementor-section-height-default elementor-section-height-default\" data-id=\"8c4d4b3\" data-element_type=\"section\" data-e-type=\"section\">\n\t\t\t\t\t\t<div class=\"elementor-container elementor-column-gap-default\">\n\t\t\t\t\t<div class=\"elementor-column elementor-col-50 elementor-inner-column elementor-element elementor-element-c1c204c ot-flex-column-vertical\" data-id=\"c1c204c\" data-element_type=\"column\" data-e-type=\"column\">\n\t\t\t<div class=\"elementor-widget-wrap elementor-element-populated\">\n\t\t\t\t\t\t<div class=\"elementor-element elementor-element-73094df elementor-widget elementor-widget-image\" data-id=\"73094df\" data-element_type=\"widget\" data-e-type=\"widget\" data-widget_type=\"image.default\">\n\t\t\t\t<div class=\"elementor-widget-container\">\n\t\t\t\t\t\t\t\t\t\t\t\t\t\t\t<img fetchpriority=\"high\" decoding=\"async\" width=\"730\" height=\"489\" src=\"https:\/\/trafinc.com\/wp-content\/uploads\/2022\/04\/markets-01.jpg\" class=\"attachment-large size-large wp-image-6774\" alt=\"\" \/>\t\t\t\t\t\t\t\t\t\t\t\t\t\t\t<\/div>\n\t\t\t\t<\/div>\n\t\t\t\t\t<\/div>\n\t\t<\/div>\n\t\t\t\t<div class=\"elementor-column elementor-col-50 elementor-inner-column elementor-element elementor-element-3797b89 ot-flex-column-vertical\" data-id=\"3797b89\" data-element_type=\"column\" data-e-type=\"column\">\n\t\t\t<div class=\"elementor-widget-wrap elementor-element-populated\">\n\t\t\t\t\t\t<div class=\"elementor-element elementor-element-5e7ccb9 elementor-widget elementor-widget-image\" data-id=\"5e7ccb9\" data-element_type=\"widget\" data-e-type=\"widget\" data-widget_type=\"image.default\">\n\t\t\t\t<div class=\"elementor-widget-container\">\n\t\t\t\t\t\t\t\t\t\t\t\t\t\t\t<img decoding=\"async\" width=\"730\" height=\"489\" src=\"https:\/\/trafinc.com\/wp-content\/uploads\/2022\/04\/markets-02.jpg\" class=\"attachment-large size-large wp-image-6776\" alt=\"\" \/>\t\t\t\t\t\t\t\t\t\t\t\t\t\t\t<\/div>\n\t\t\t\t<\/div>\n\t\t\t\t\t<\/div>\n\t\t<\/div>\n\t\t\t\t\t<\/div>\n\t\t<\/section>\n\t\t\t\t<section class=\"elementor-section elementor-inner-section elementor-element elementor-element-578f98c ot-traditional elementor-section-boxed elementor-section-height-default elementor-section-height-default\" data-id=\"578f98c\" data-element_type=\"section\" data-e-type=\"section\">\n\t\t\t\t\t\t<div class=\"elementor-container elementor-column-gap-default\">\n\t\t\t\t\t<div class=\"elementor-column elementor-col-50 elementor-inner-column elementor-element elementor-element-636042b ot-flex-column-vertical\" data-id=\"636042b\" data-element_type=\"column\" data-e-type=\"column\">\n\t\t\t<div class=\"elementor-widget-wrap elementor-element-populated\">\n\t\t\t\t\t\t<div class=\"elementor-element elementor-element-5d7700d elementor-widget elementor-widget-image\" data-id=\"5d7700d\" data-element_type=\"widget\" data-e-type=\"widget\" data-widget_type=\"image.default\">\n\t\t\t\t<div class=\"elementor-widget-container\">\n\t\t\t\t\t\t\t\t\t\t\t\t\t\t\t<img decoding=\"async\" width=\"730\" height=\"489\" src=\"https:\/\/trafinc.com\/wp-content\/uploads\/2022\/04\/markets-03.jpg\" class=\"attachment-large size-large wp-image-6778\" alt=\"\" \/>\t\t\t\t\t\t\t\t\t\t\t\t\t\t\t<\/div>\n\t\t\t\t<\/div>\n\t\t\t\t\t<\/div>\n\t\t<\/div>\n\t\t\t\t<div class=\"elementor-column elementor-col-50 elementor-inner-column elementor-element elementor-element-fd7bbf8 ot-flex-column-vertical\" data-id=\"fd7bbf8\" data-element_type=\"column\" data-e-type=\"column\">\n\t\t\t<div class=\"elementor-widget-wrap elementor-element-populated\">\n\t\t\t\t\t\t<div class=\"elementor-element elementor-element-6a65619 elementor-widget elementor-widget-image\" data-id=\"6a65619\" data-element_type=\"widget\" data-e-type=\"widget\" data-widget_type=\"image.default\">\n\t\t\t\t<div class=\"elementor-widget-container\">\n\t\t\t\t\t\t\t\t\t\t\t\t\t\t\t<img loading=\"lazy\" decoding=\"async\" width=\"730\" height=\"489\" src=\"https:\/\/trafinc.com\/wp-content\/uploads\/2022\/04\/markets-04.jpg\" class=\"attachment-large size-large wp-image-6780\" alt=\"\" \/>\t\t\t\t\t\t\t\t\t\t\t\t\t\t\t<\/div>\n\t\t\t\t<\/div>\n\t\t\t\t\t<\/div>\n\t\t<\/div>\n\t\t\t\t\t<\/div>\n\t\t<\/section>\n\t\t\t\t<section class=\"elementor-section elementor-inner-section elementor-element elementor-element-a5e4872 ot-traditional elementor-section-boxed elementor-section-height-default elementor-section-height-default\" data-id=\"a5e4872\" data-element_type=\"section\" data-e-type=\"section\">\n\t\t\t\t\t\t<div class=\"elementor-container elementor-column-gap-default\">\n\t\t\t\t\t<div class=\"elementor-column elementor-col-50 elementor-inner-column elementor-element elementor-element-4a00286 ot-flex-column-vertical\" data-id=\"4a00286\" data-element_type=\"column\" data-e-type=\"column\">\n\t\t\t<div class=\"elementor-widget-wrap elementor-element-populated\">\n\t\t\t\t\t\t<div class=\"elementor-element elementor-element-c2bd845 elementor-widget elementor-widget-image\" data-id=\"c2bd845\" data-element_type=\"widget\" data-e-type=\"widget\" data-widget_type=\"image.default\">\n\t\t\t\t<div class=\"elementor-widget-container\">\n\t\t\t\t\t\t\t\t\t\t\t\t\t\t\t<img loading=\"lazy\" decoding=\"async\" width=\"730\" height=\"720\" src=\"https:\/\/trafinc.com\/wp-content\/uploads\/2022\/04\/markets-05-1.jpg\" class=\"attachment-large size-large wp-image-6995\" alt=\"\" srcset=\"https:\/\/trafinc.com\/wp-content\/uploads\/2022\/04\/markets-05-1.jpg 730w, https:\/\/trafinc.com\/wp-content\/uploads\/2022\/04\/markets-05-1-300x296.jpg 300w, https:\/\/trafinc.com\/wp-content\/uploads\/2022\/04\/markets-05-1-720x710.jpg 720w\" sizes=\"(max-width: 730px) 100vw, 730px\" \/>\t\t\t\t\t\t\t\t\t\t\t\t\t\t\t<\/div>\n\t\t\t\t<\/div>\n\t\t\t\t\t<\/div>\n\t\t<\/div>\n\t\t\t\t<div class=\"elementor-column elementor-col-50 elementor-inner-column elementor-element elementor-element-7ecbede ot-flex-column-vertical\" data-id=\"7ecbede\" data-element_type=\"column\" data-e-type=\"column\">\n\t\t\t<div class=\"elementor-widget-wrap elementor-element-populated\">\n\t\t\t\t\t\t<div class=\"elementor-element elementor-element-511f77d elementor-widget elementor-widget-image\" data-id=\"511f77d\" data-element_type=\"widget\" data-e-type=\"widget\" data-widget_type=\"image.default\">\n\t\t\t\t<div class=\"elementor-widget-container\">\n\t\t\t\t\t\t\t\t\t\t\t\t\t\t\t<img loading=\"lazy\" decoding=\"async\" width=\"730\" height=\"720\" src=\"https:\/\/trafinc.com\/wp-content\/uploads\/2022\/04\/markets-06-1.jpg\" class=\"attachment-large size-large wp-image-6997\" alt=\"\" srcset=\"https:\/\/trafinc.com\/wp-content\/uploads\/2022\/04\/markets-06-1.jpg 730w, https:\/\/trafinc.com\/wp-content\/uploads\/2022\/04\/markets-06-1-300x296.jpg 300w, https:\/\/trafinc.com\/wp-content\/uploads\/2022\/04\/markets-06-1-720x710.jpg 720w\" sizes=\"(max-width: 730px) 100vw, 730px\" \/>\t\t\t\t\t\t\t\t\t\t\t\t\t\t\t<\/div>\n\t\t\t\t<\/div>\n\t\t\t\t\t<\/div>\n\t\t<\/div>\n\t\t\t\t\t<\/div>\n\t\t<\/section>\n\t\t\t\t\t<\/div>\n\t\t<\/div>\n\t\t\t\t\t<\/div>\n\t\t<\/section>\n\t\t\t\t<section class=\"elementor-section elementor-top-section elementor-element elementor-element-75d66e3d ot-traditional elementor-section-boxed elementor-section-height-default elementor-section-height-default\" data-id=\"75d66e3d\" data-element_type=\"section\" data-e-type=\"section\" data-settings=\"{&quot;background_background&quot;:&quot;classic&quot;}\">\n\t\t\t\t\t\t<div class=\"elementor-container elementor-column-gap-default\">\n\t\t\t\t\t<div class=\"elementor-column elementor-col-100 elementor-top-column elementor-element elementor-element-4939ce0 ot-flex-column-vertical\" data-id=\"4939ce0\" data-element_type=\"column\" data-e-type=\"column\">\n\t\t\t<div class=\"elementor-widget-wrap elementor-element-populated\">\n\t\t\t\t\t\t<div class=\"elementor-element elementor-element-4922b7e0 elementor-widget elementor-widget-heading\" data-id=\"4922b7e0\" data-element_type=\"widget\" data-e-type=\"widget\" data-widget_type=\"heading.default\">\n\t\t\t\t<div class=\"elementor-widget-container\">\n\t\t\t\t\t<h2 class=\"elementor-heading-title elementor-size-default\">Nous contacter pour plus d\u2019informations<\/h2>\t\t\t\t<\/div>\n\t\t\t\t<\/div>\n\t\t\t\t<div class=\"elementor-element elementor-element-699f81ed elementor-align-center elementor-widget elementor-widget-ibutton\" data-id=\"699f81ed\" data-element_type=\"widget\" data-e-type=\"widget\" data-widget_type=\"ibutton.default\">\n\t\t\t\t<div class=\"elementor-widget-container\">\n\t\t\t\t\t\t\t<div class=\"ot-button\">\r\n\t\t\t<a href=\"https:\/\/trafinc.com\/fr\/contact\/\" class=\"octf-btn octf-btn-primary\">Contact<\/a>\r\n\t    <\/div>\r\n\t    \t\t\t\t<\/div>\n\t\t\t\t<\/div>\n\t\t\t\t\t<\/div>\n\t\t<\/div>\n\t\t\t\t\t<\/div>\n\t\t<\/section>\n\t\t\t\t<\/div>\n\t\t","protected":false},"excerpt":{"rendered":"<p>\/\/ Services March\u00e9s TRAF est reconnu dans l\u2019industrie a\u00e9rospatiale pour sa capacit\u00e9 \u00e0 livrer des pi\u00e8ces de qualit\u00e9 tel que convenu et pour l\u2019efficacit\u00e9 de sa gestion de projet. Nous sommes certifi\u00e9s AS9100, ISO9001 et PMC assurant nos clients du professionnalisme de nos services. Pr\u00e9sentement, nous servons divers march\u00e9s : a\u00e9rospatiale, d\u00e9fense, sant\u00e9, alimentation, \u00e9nergie, [&hellip;]<\/p>\n","protected":false},"author":1,"featured_media":0,"parent":7410,"menu_order":0,"comment_status":"closed","ping_status":"closed","template":"","meta":{"footnotes":""},"class_list":["post-7434","page","type-page","status-publish","hentry"],"_links":{"self":[{"href":"https:\/\/trafinc.com\/fr\/wp-json\/wp\/v2\/pages\/7434","targetHints":{"allow":["GET"]}}],"collection":[{"href":"https:\/\/trafinc.com\/fr\/wp-json\/wp\/v2\/pages"}],"about":[{"href":"https:\/\/trafinc.com\/fr\/wp-json\/wp\/v2\/types\/page"}],"author":[{"embeddable":true,"href":"https:\/\/trafinc.com\/fr\/wp-json\/wp\/v2\/users\/1"}],"replies":[{"embeddable":true,"href":"https:\/\/trafinc.com\/fr\/wp-json\/wp\/v2\/comments?post=7434"}],"version-history":[{"count":0,"href":"https:\/\/trafinc.com\/fr\/wp-json\/wp\/v2\/pages\/7434\/revisions"}],"up":[{"embeddable":true,"href":"https:\/\/trafinc.com\/fr\/wp-json\/wp\/v2\/pages\/7410"}],"wp:attachment":[{"href":"https:\/\/trafinc.com\/fr\/wp-json\/wp\/v2\/media?parent=7434"}],"curies":[{"name":"wp","href":"https:\/\/api.w.org\/{rel}","templated":true}]}}