{"id":7449,"date":"2022-08-02T16:53:15","date_gmt":"2022-08-02T20:53:15","guid":{"rendered":"https:\/\/trafinc.com\/?page_id=7449"},"modified":"2022-09-12T18:18:52","modified_gmt":"2022-09-12T22:18:52","slug":"avantages","status":"publish","type":"page","link":"https:\/\/trafinc.com\/fr\/avantages\/","title":{"rendered":"Avantages"},"content":{"rendered":"\t\t<div data-elementor-type=\"wp-page\" data-elementor-id=\"7449\" class=\"elementor elementor-7449 elementor-5232\">\n\t\t\t\t\t\t<section class=\"elementor-section elementor-top-section elementor-element elementor-element-1734440 ot-traditional elementor-section-boxed elementor-section-height-default elementor-section-height-default\" data-id=\"1734440\" data-element_type=\"section\" data-e-type=\"section\">\n\t\t\t\t\t\t<div class=\"elementor-container elementor-column-gap-default\">\n\t\t\t\t\t<div class=\"elementor-column elementor-col-100 elementor-top-column elementor-element elementor-element-ffb22ce ot-flex-column-vertical\" data-id=\"ffb22ce\" data-element_type=\"column\" data-e-type=\"column\">\n\t\t\t<div class=\"elementor-widget-wrap elementor-element-populated\">\n\t\t\t\t\t\t<div class=\"elementor-element elementor-element-1d99a3e elementor-widget elementor-widget-iheading\" data-id=\"1d99a3e\" data-element_type=\"widget\" data-e-type=\"widget\" data-widget_type=\"iheading.default\">\n\t\t\t\t<div class=\"elementor-widget-container\">\n\t\t\t\t\t\t\t<div class=\"ot-heading\">\r\n\t        \t            <span>\/\/ Traf Inc<\/span>\r\n\t        <h2 class=\"main-heading\">Avantages<\/h2>\t    <\/div>\r\n\t    \t\t\t\t<\/div>\n\t\t\t\t<\/div>\n\t\t\t\t<div class=\"elementor-element elementor-element-8c6fb60 elementor-widget elementor-widget-text-editor\" data-id=\"8c6fb60\" data-element_type=\"widget\" data-e-type=\"widget\" data-widget_type=\"text-editor.default\">\n\t\t\t\t<div class=\"elementor-widget-container\">\n\t\t\t\t\t\t\t\t\tNous offrons une opportunit\u00e9 d\u2019usin\u00e9 des composants avanc\u00e9s de qualit\u00e9 dans un environnement agile.\t\t\t\t\t\t\t\t<\/div>\n\t\t\t\t<\/div>\n\t\t\t\t\t<\/div>\n\t\t<\/div>\n\t\t\t\t\t<\/div>\n\t\t<\/section>\n\t\t\t\t<section class=\"elementor-section elementor-top-section elementor-element elementor-element-4cc336f ot-traditional elementor-section-boxed elementor-section-height-default elementor-section-height-default\" data-id=\"4cc336f\" data-element_type=\"section\" data-e-type=\"section\">\n\t\t\t\t\t\t<div class=\"elementor-container elementor-column-gap-default\">\n\t\t\t\t\t<div class=\"elementor-column elementor-col-100 elementor-top-column elementor-element elementor-element-a1b7878 ot-flex-column-vertical\" data-id=\"a1b7878\" data-element_type=\"column\" data-e-type=\"column\">\n\t\t\t<div class=\"elementor-widget-wrap elementor-element-populated\">\n\t\t\t\t\t\t<section class=\"elementor-section elementor-inner-section elementor-element elementor-element-7979ad2 ot-traditional elementor-section-boxed elementor-section-height-default elementor-section-height-default\" data-id=\"7979ad2\" data-element_type=\"section\" data-e-type=\"section\">\n\t\t\t\t\t\t<div class=\"elementor-container elementor-column-gap-default\">\n\t\t\t\t\t<div class=\"elementor-column elementor-col-33 elementor-inner-column elementor-element elementor-element-a97b00e ot-flex-column-vertical\" data-id=\"a97b00e\" data-element_type=\"column\" data-e-type=\"column\">\n\t\t\t<div class=\"elementor-widget-wrap elementor-element-populated\">\n\t\t\t\t\t\t<div class=\"elementor-element elementor-element-cd94614 perfomance-box elementor-widget elementor-widget-isupport_box\" data-id=\"cd94614\" data-element_type=\"widget\" data-e-type=\"widget\" data-widget_type=\"isupport_box.default\">\n\t\t\t\t<div class=\"elementor-widget-container\">\n\t\t\t\t\t\r\n\t\t<div class=\"support-box\">\r\n\t\t\t<div class=\"inner-box\">\r\n\t\t\t\t<div class=\"overlay flex-middle\">\r\n\t\t\t\t\t<span class=\"number-box\">01<\/span>\r\n\t\t\t\t\t<div class=\"inner\">\r\n\t\t\t\t\t\t<p><ul>\n<li>G\u00e9om\u00e9trie Complexe<\/li>\n<li>Super Alliages et C\u00e9ramiques<\/li>\n<\/ul><\/p>\r\n\t\t\t\t\t\t<a href=\"https:\/\/trafinc.com\/fr\/avantages\/composants-avances\/\" class=\"btn-details\"><i class=\"flaticon-right-arrow-1\"><\/i> SUITE<\/a>\r\n\t\t\t\t\t<\/div>\r\n\t\t\t\t<\/div>\r\n\t\t\t\t<div class=\"content-box\">\r\n\t\t\t\t\t<span class=\"number-box\">01<\/span>\r\n\t\t\t\t\t<h3>Composants Avanc\u00e9s<\/h3>\r\n\t\t\t\t\t<img decoding=\"async\" src=\"https:\/\/trafinc.com\/wp-content\/uploads\/2022\/04\/flipbox1.jpg\" alt=\"Composants Avanc\u00e9s\">\r\n\t\t\t\t<\/div>\r\n\t\t\t<\/div>\r\n\t    <\/div>\r\n\r\n\t    \t\t\t\t<\/div>\n\t\t\t\t<\/div>\n\t\t\t\t\t<\/div>\n\t\t<\/div>\n\t\t\t\t<div class=\"elementor-column elementor-col-33 elementor-inner-column elementor-element elementor-element-5efe311 ot-flex-column-vertical\" data-id=\"5efe311\" data-element_type=\"column\" data-e-type=\"column\">\n\t\t\t<div class=\"elementor-widget-wrap elementor-element-populated\">\n\t\t\t\t\t\t<div class=\"elementor-element elementor-element-3ee457f perfomance-box elementor-widget elementor-widget-isupport_box\" data-id=\"3ee457f\" data-element_type=\"widget\" data-e-type=\"widget\" data-widget_type=\"isupport_box.default\">\n\t\t\t\t<div class=\"elementor-widget-container\">\n\t\t\t\t\t\r\n\t\t<div class=\"support-box\">\r\n\t\t\t<div class=\"inner-box\">\r\n\t\t\t\t<div class=\"overlay flex-middle\">\r\n\t\t\t\t\t<span class=\"number-box\">02<\/span>\r\n\t\t\t\t\t<div class=\"inner\">\r\n\t\t\t\t\t\t<p>Pr\u00e9cision livr\u00e9 tel que convenu<\/p>\r\n\t\t\t\t\t\t<a href=\"https:\/\/trafinc.com\/fr\/avantages\/qualite\/\" class=\"btn-details\"><i class=\"flaticon-right-arrow-1\"><\/i> SUITE<\/a>\r\n\t\t\t\t\t<\/div>\r\n\t\t\t\t<\/div>\r\n\t\t\t\t<div class=\"content-box\">\r\n\t\t\t\t\t<span class=\"number-box\">02<\/span>\r\n\t\t\t\t\t<h3>Qualit\u00e9<\/h3>\r\n\t\t\t\t\t<img decoding=\"async\" src=\"https:\/\/trafinc.com\/wp-content\/uploads\/2022\/04\/flipbox2.jpg\" alt=\"Qualit\u00e9\">\r\n\t\t\t\t<\/div>\r\n\t\t\t<\/div>\r\n\t    <\/div>\r\n\r\n\t    \t\t\t\t<\/div>\n\t\t\t\t<\/div>\n\t\t\t\t\t<\/div>\n\t\t<\/div>\n\t\t\t\t<div class=\"elementor-column elementor-col-33 elementor-inner-column elementor-element elementor-element-e658742 ot-flex-column-vertical\" data-id=\"e658742\" data-element_type=\"column\" data-e-type=\"column\">\n\t\t\t<div class=\"elementor-widget-wrap elementor-element-populated\">\n\t\t\t\t\t\t<div class=\"elementor-element elementor-element-33c3837 perfomance-box elementor-widget elementor-widget-isupport_box\" data-id=\"33c3837\" data-element_type=\"widget\" data-e-type=\"widget\" data-widget_type=\"isupport_box.default\">\n\t\t\t\t<div class=\"elementor-widget-container\">\n\t\t\t\t\t\r\n\t\t<div class=\"support-box\">\r\n\t\t\t<div class=\"inner-box\">\r\n\t\t\t\t<div class=\"overlay flex-middle\">\r\n\t\t\t\t\t<span class=\"number-box\">03<\/span>\r\n\t\t\t\t\t<div class=\"inner\">\r\n\t\t\t\t\t\t<p><ul>\n<li>Efficace<\/li>\n<li>Flexible<\/li>\n<li>Progressif<\/li>\n<\/ul><\/p>\r\n\t\t\t\t\t\t<a href=\"https:\/\/trafinc.com\/fr\/avantages\/agile\/\" class=\"btn-details\"><i class=\"flaticon-right-arrow-1\"><\/i> SUITE<\/a>\r\n\t\t\t\t\t<\/div>\r\n\t\t\t\t<\/div>\r\n\t\t\t\t<div class=\"content-box\">\r\n\t\t\t\t\t<span class=\"number-box\">03<\/span>\r\n\t\t\t\t\t<h3>Agilit\u00e9<\/h3>\r\n\t\t\t\t\t<img decoding=\"async\" src=\"https:\/\/trafinc.com\/wp-content\/uploads\/2022\/04\/flipbox3-1.jpg\" alt=\"Agilit\u00e9\">\r\n\t\t\t\t<\/div>\r\n\t\t\t<\/div>\r\n\t    <\/div>\r\n\r\n\t    \t\t\t\t<\/div>\n\t\t\t\t<\/div>\n\t\t\t\t\t<\/div>\n\t\t<\/div>\n\t\t\t\t\t<\/div>\n\t\t<\/section>\n\t\t\t\t\t<\/div>\n\t\t<\/div>\n\t\t\t\t\t<\/div>\n\t\t<\/section>\n\t\t\t\t<section class=\"elementor-section elementor-top-section elementor-element elementor-element-5c71d8b ot-traditional elementor-section-boxed elementor-section-height-default elementor-section-height-default\" data-id=\"5c71d8b\" data-element_type=\"section\" data-e-type=\"section\">\n\t\t\t\t\t\t<div class=\"elementor-container elementor-column-gap-default\">\n\t\t\t\t\t<div class=\"elementor-column elementor-col-100 elementor-top-column elementor-element elementor-element-3e72751 ot-flex-column-vertical\" data-id=\"3e72751\" data-element_type=\"column\" data-e-type=\"column\">\n\t\t\t<div class=\"elementor-widget-wrap elementor-element-populated\">\n\t\t\t\t\t\t<div class=\"elementor-element elementor-element-ad1e899 elementor-widget elementor-widget-spacer\" data-id=\"ad1e899\" data-element_type=\"widget\" data-e-type=\"widget\" data-widget_type=\"spacer.default\">\n\t\t\t\t<div class=\"elementor-widget-container\">\n\t\t\t\t\t\t\t<div class=\"elementor-spacer\">\n\t\t\t<div class=\"elementor-spacer-inner\"><\/div>\n\t\t<\/div>\n\t\t\t\t\t\t<\/div>\n\t\t\t\t<\/div>\n\t\t\t\t\t<\/div>\n\t\t<\/div>\n\t\t\t\t\t<\/div>\n\t\t<\/section>\n\t\t\t\t<\/div>\n\t\t","protected":false},"excerpt":{"rendered":"<p>\/\/ Traf Inc Avantages Nous offrons une opportunit\u00e9 d\u2019usin\u00e9 des composants avanc\u00e9s de qualit\u00e9 dans un environnement agile. 01 G\u00e9om\u00e9trie Complexe Super Alliages et C\u00e9ramiques SUITE 01 Composants Avanc\u00e9s 02 Pr\u00e9cision livr\u00e9 tel que convenu SUITE 02 Qualit\u00e9 03 Efficace Flexible Progressif SUITE 03 Agilit\u00e9<\/p>\n","protected":false},"author":1,"featured_media":0,"parent":0,"menu_order":0,"comment_status":"closed","ping_status":"closed","template":"","meta":{"footnotes":""},"class_list":["post-7449","page","type-page","status-publish","hentry"],"_links":{"self":[{"href":"https:\/\/trafinc.com\/fr\/wp-json\/wp\/v2\/pages\/7449","targetHints":{"allow":["GET"]}}],"collection":[{"href":"https:\/\/trafinc.com\/fr\/wp-json\/wp\/v2\/pages"}],"about":[{"href":"https:\/\/trafinc.com\/fr\/wp-json\/wp\/v2\/types\/page"}],"author":[{"embeddable":true,"href":"https:\/\/trafinc.com\/fr\/wp-json\/wp\/v2\/users\/1"}],"replies":[{"embeddable":true,"href":"https:\/\/trafinc.com\/fr\/wp-json\/wp\/v2\/comments?post=7449"}],"version-history":[{"count":0,"href":"https:\/\/trafinc.com\/fr\/wp-json\/wp\/v2\/pages\/7449\/revisions"}],"wp:attachment":[{"href":"https:\/\/trafinc.com\/fr\/wp-json\/wp\/v2\/media?parent=7449"}],"curies":[{"name":"wp","href":"https:\/\/api.w.org\/{rel}","templated":true}]}}