{"id":7455,"date":"2022-08-02T17:25:27","date_gmt":"2022-08-02T21:25:27","guid":{"rendered":"https:\/\/trafinc.com\/?page_id=7455"},"modified":"2022-09-12T18:21:29","modified_gmt":"2022-09-12T22:21:29","slug":"composants-avances","status":"publish","type":"page","link":"https:\/\/trafinc.com\/fr\/avantages\/composants-avances\/","title":{"rendered":"Composants Avanc\u00e9s"},"content":{"rendered":"\t\t<div data-elementor-type=\"wp-page\" data-elementor-id=\"7455\" class=\"elementor elementor-7455 elementor-5245\">\n\t\t\t\t\t\t<section class=\"elementor-section elementor-top-section elementor-element elementor-element-ae5f1a6 ot-traditional elementor-section-boxed elementor-section-height-default elementor-section-height-default\" data-id=\"ae5f1a6\" data-element_type=\"section\" data-e-type=\"section\">\n\t\t\t\t\t\t<div class=\"elementor-container elementor-column-gap-default\">\n\t\t\t\t\t<div class=\"elementor-column elementor-col-100 elementor-top-column elementor-element elementor-element-e356e82 ot-flex-column-vertical\" data-id=\"e356e82\" data-element_type=\"column\" data-e-type=\"column\">\n\t\t\t<div class=\"elementor-widget-wrap elementor-element-populated\">\n\t\t\t\t\t\t<div class=\"elementor-element elementor-element-7f4620d elementor-widget elementor-widget-iheading\" data-id=\"7f4620d\" data-element_type=\"widget\" data-e-type=\"widget\" data-widget_type=\"iheading.default\">\n\t\t\t\t<div class=\"elementor-widget-container\">\n\t\t\t\t\t\t\t<div class=\"ot-heading\">\r\n\t        \t            <span>\/\/ Avantages<\/span>\r\n\t        <h2 class=\"main-heading\">Composants Avanc\u00e9s<\/h2>\t    <\/div>\r\n\t    \t\t\t\t<\/div>\n\t\t\t\t<\/div>\n\t\t\t\t<section class=\"elementor-section elementor-inner-section elementor-element elementor-element-d36fa00 ot-traditional elementor-section-boxed elementor-section-height-default elementor-section-height-default\" data-id=\"d36fa00\" data-element_type=\"section\" data-e-type=\"section\">\n\t\t\t\t\t\t<div class=\"elementor-container elementor-column-gap-default\">\n\t\t\t\t\t<div class=\"elementor-column elementor-col-50 elementor-inner-column elementor-element elementor-element-e810f50 ot-flex-column-vertical\" data-id=\"e810f50\" data-element_type=\"column\" data-e-type=\"column\">\n\t\t\t<div class=\"elementor-widget-wrap elementor-element-populated\">\n\t\t\t\t\t\t<div class=\"elementor-element elementor-element-2f0cadb elementor-widget elementor-widget-iheading\" data-id=\"2f0cadb\" data-element_type=\"widget\" data-e-type=\"widget\" data-widget_type=\"iheading.default\">\n\t\t\t\t<div class=\"elementor-widget-container\">\n\t\t\t\t\t\t\t<div class=\"ot-heading\">\r\n\t        <h3 class=\"main-heading\">G\u00e9ometrie Complexe<\/h3>\t    <\/div>\r\n\t    \t\t\t\t<\/div>\n\t\t\t\t<\/div>\n\t\t\t\t<div class=\"elementor-element elementor-element-59b35a1 elementor-widget elementor-widget-text-editor\" data-id=\"59b35a1\" data-element_type=\"widget\" data-e-type=\"widget\" data-widget_type=\"text-editor.default\">\n\t\t\t\t<div class=\"elementor-widget-container\">\n\t\t\t\t\t\t\t\t\t<ul><li>Nous prosp\u00e9rons au d\u00e9fi d\u2019usiner des pi\u00e8ces avec une g\u00e9om\u00e9trie complexe.<\/li><li>Nous sommes efficaces avec notre centre d\u2019usinage 5-axes DMG-MORI Ultrasonique.<\/li><li>En plus, notre tour DMG-MORI NLX1500SSY produit elle aussi des pi\u00e8ces de qualit\u00e9 compliqu\u00e9.<\/li><\/ul>\t\t\t\t\t\t\t\t<\/div>\n\t\t\t\t<\/div>\n\t\t\t\t\t<\/div>\n\t\t<\/div>\n\t\t\t\t<div class=\"elementor-column elementor-col-50 elementor-inner-column elementor-element elementor-element-bf16530 ot-flex-column-vertical\" data-id=\"bf16530\" data-element_type=\"column\" data-e-type=\"column\" data-settings=\"{&quot;background_background&quot;:&quot;classic&quot;}\">\n\t\t\t<div class=\"elementor-widget-wrap elementor-element-populated\">\n\t\t\t\t\t\t<div class=\"elementor-element elementor-element-dfc1852 elementor-widget elementor-widget-spacer\" data-id=\"dfc1852\" data-element_type=\"widget\" data-e-type=\"widget\" data-widget_type=\"spacer.default\">\n\t\t\t\t<div class=\"elementor-widget-container\">\n\t\t\t\t\t\t\t<div class=\"elementor-spacer\">\n\t\t\t<div class=\"elementor-spacer-inner\"><\/div>\n\t\t<\/div>\n\t\t\t\t\t\t<\/div>\n\t\t\t\t<\/div>\n\t\t\t\t<div class=\"elementor-element elementor-element-cc15052 elementor-widget elementor-widget-image\" data-id=\"cc15052\" data-element_type=\"widget\" data-e-type=\"widget\" data-widget_type=\"image.default\">\n\t\t\t\t<div class=\"elementor-widget-container\">\n\t\t\t\t\t\t\t\t\t\t\t\t\t\t\t<img fetchpriority=\"high\" decoding=\"async\" width=\"300\" height=\"300\" src=\"https:\/\/trafinc.com\/wp-content\/uploads\/2022\/03\/complicated-geometry.jpg\" class=\"attachment-medium size-medium wp-image-6733\" alt=\"complicated geometry\" \/>\t\t\t\t\t\t\t\t\t\t\t\t\t\t\t<\/div>\n\t\t\t\t<\/div>\n\t\t\t\t\t<\/div>\n\t\t<\/div>\n\t\t\t\t\t<\/div>\n\t\t<\/section>\n\t\t\t\t<div class=\"elementor-element elementor-element-fb55292 elementor-widget elementor-widget-menu-anchor\" data-id=\"fb55292\" data-element_type=\"widget\" data-e-type=\"widget\" data-widget_type=\"menu-anchor.default\">\n\t\t\t\t<div class=\"elementor-widget-container\">\n\t\t\t\t\t\t\t<div class=\"elementor-menu-anchor\" id=\"materiaux-super-durs\"><\/div>\n\t\t\t\t\t\t<\/div>\n\t\t\t\t<\/div>\n\t\t\t\t<div class=\"elementor-element elementor-element-61af32e elementor-widget elementor-widget-spacer\" data-id=\"61af32e\" data-element_type=\"widget\" data-e-type=\"widget\" data-widget_type=\"spacer.default\">\n\t\t\t\t<div class=\"elementor-widget-container\">\n\t\t\t\t\t\t\t<div class=\"elementor-spacer\">\n\t\t\t<div class=\"elementor-spacer-inner\"><\/div>\n\t\t<\/div>\n\t\t\t\t\t\t<\/div>\n\t\t\t\t<\/div>\n\t\t\t\t<section class=\"elementor-section elementor-inner-section elementor-element elementor-element-9500d9a ot-traditional elementor-section-boxed elementor-section-height-default elementor-section-height-default\" data-id=\"9500d9a\" data-element_type=\"section\" data-e-type=\"section\">\n\t\t\t\t\t\t<div class=\"elementor-container elementor-column-gap-default\">\n\t\t\t\t\t<div class=\"elementor-column elementor-col-50 elementor-inner-column elementor-element elementor-element-4bb039d ot-flex-column-vertical\" data-id=\"4bb039d\" data-element_type=\"column\" data-e-type=\"column\">\n\t\t\t<div class=\"elementor-widget-wrap elementor-element-populated\">\n\t\t\t\t\t\t<div class=\"elementor-element elementor-element-4a503c9 elementor-widget elementor-widget-iheading\" data-id=\"4a503c9\" data-element_type=\"widget\" data-e-type=\"widget\" data-widget_type=\"iheading.default\">\n\t\t\t\t<div class=\"elementor-widget-container\">\n\t\t\t\t\t\t\t<div class=\"ot-heading\">\r\n\t        <h3 class=\"main-heading\">Super Alliages et C\u00e9ramiques<\/h3>\t    <\/div>\r\n\t    \t\t\t\t<\/div>\n\t\t\t\t<\/div>\n\t\t\t\t<div class=\"elementor-element elementor-element-b7902de elementor-widget elementor-widget-text-editor\" data-id=\"b7902de\" data-element_type=\"widget\" data-e-type=\"widget\" data-widget_type=\"text-editor.default\">\n\t\t\t\t<div class=\"elementor-widget-container\">\n\t\t\t\t\t\t\t\t\t<ul>\n \t<li>La caract\u00e9ristique Ultrasonique du DMG-MORI DMU50 est d\u2019osciller l\u2019outil de 20,000 \u2013 50,000 Hz avec des amplitudes entre 1-15 \u00b5m durant l\u2019usinage de la pi\u00e8ce.\n<\/li>\n \t<li>Des mat\u00e9riaux performants normalement difficiles \u00e0 transformer peuvent maintenant \u00eatre usin\u00e9 efficacement avec une haute qualit\u00e9.<\/li>\n \t<li>Les caract\u00e9ristiques uniques de l\u2019Ultrasonique (varie avec les mat\u00e9riaux) :\n<ul>\n \t<li>Possible d\u2019avoir jusqu\u2019\u00e0 40%  moins de force d\u2019usinage et d\u2019usure sur les outils.<\/li>\n \t<li>Jusqu\u2019\u00e0 3 fois le taux d\u2019enl\u00e8vement de mat\u00e9riaux.<\/li>\n \t<li>Surface de fini exceptionnel. Possible d\u2019avoir Ra < 0.2 \u00b5m.<\/li>\n \t<li>D\u00e9placement de particules efficace puisqu\u2019elles sont plus petites et am\u00e9liore le refroidissement, la pr\u00e9cision et la surface de finis.<\/li>\n \t<li>R\u00e9duction significative des failles am\u00e9liore la qualit\u00e9 des pi\u00e8ces et permet d\u2019avoir des murs plus minces.<\/li>\n<\/ul>\n<\/li>\n<\/ul>\t\t\t\t\t\t\t\t<\/div>\n\t\t\t\t<\/div>\n\t\t\t\t\t<\/div>\n\t\t<\/div>\n\t\t\t\t<div class=\"elementor-column elementor-col-50 elementor-inner-column elementor-element elementor-element-5932fd0 ot-flex-column-vertical\" data-id=\"5932fd0\" data-element_type=\"column\" data-e-type=\"column\" data-settings=\"{&quot;background_background&quot;:&quot;classic&quot;}\">\n\t\t\t<div class=\"elementor-widget-wrap elementor-element-populated\">\n\t\t\t\t\t\t<div class=\"elementor-element elementor-element-db93ff1 elementor-widget elementor-widget-spacer\" data-id=\"db93ff1\" data-element_type=\"widget\" data-e-type=\"widget\" data-widget_type=\"spacer.default\">\n\t\t\t\t<div class=\"elementor-widget-container\">\n\t\t\t\t\t\t\t<div class=\"elementor-spacer\">\n\t\t\t<div class=\"elementor-spacer-inner\"><\/div>\n\t\t<\/div>\n\t\t\t\t\t\t<\/div>\n\t\t\t\t<\/div>\n\t\t\t\t<div class=\"elementor-element elementor-element-9733c79 elementor-widget elementor-widget-image\" data-id=\"9733c79\" data-element_type=\"widget\" data-e-type=\"widget\" data-widget_type=\"image.default\">\n\t\t\t\t<div class=\"elementor-widget-container\">\n\t\t\t\t\t\t\t\t\t\t\t\t\t\t\t<img decoding=\"async\" width=\"300\" height=\"300\" src=\"https:\/\/trafinc.com\/wp-content\/uploads\/2022\/04\/super-hard-material-2-300x300.jpg\" class=\"attachment-medium size-medium wp-image-7158\" alt=\"\" srcset=\"https:\/\/trafinc.com\/wp-content\/uploads\/2022\/04\/super-hard-material-2-300x300.jpg 300w, https:\/\/trafinc.com\/wp-content\/uploads\/2022\/04\/super-hard-material-2-150x150.jpg 150w, https:\/\/trafinc.com\/wp-content\/uploads\/2022\/04\/super-hard-material-2-720x720.jpg 720w, https:\/\/trafinc.com\/wp-content\/uploads\/2022\/04\/super-hard-material-2.jpg 730w\" sizes=\"(max-width: 300px) 100vw, 300px\" \/>\t\t\t\t\t\t\t\t\t\t\t\t\t\t\t<\/div>\n\t\t\t\t<\/div>\n\t\t\t\t\t<\/div>\n\t\t<\/div>\n\t\t\t\t\t<\/div>\n\t\t<\/section>\n\t\t\t\t<div class=\"elementor-element elementor-element-3909aea elementor-widget elementor-widget-image\" data-id=\"3909aea\" data-element_type=\"widget\" data-e-type=\"widget\" data-widget_type=\"image.default\">\n\t\t\t\t<div class=\"elementor-widget-container\">\n\t\t\t\t\t\t\t\t\t\t\t\t\t\t\t<img decoding=\"async\" width=\"1024\" height=\"253\" src=\"https:\/\/trafinc.com\/wp-content\/uploads\/2022\/08\/super-hard-materials-fr-1024x253.png\" class=\"attachment-large size-large wp-image-7552\" alt=\"\" srcset=\"https:\/\/trafinc.com\/wp-content\/uploads\/2022\/08\/super-hard-materials-fr-1024x253.png 1024w, https:\/\/trafinc.com\/wp-content\/uploads\/2022\/08\/super-hard-materials-fr-300x74.png 300w, https:\/\/trafinc.com\/wp-content\/uploads\/2022\/08\/super-hard-materials-fr-768x190.png 768w, https:\/\/trafinc.com\/wp-content\/uploads\/2022\/08\/super-hard-materials-fr-1536x380.png 1536w, https:\/\/trafinc.com\/wp-content\/uploads\/2022\/08\/super-hard-materials-fr-720x178.png 720w, https:\/\/trafinc.com\/wp-content\/uploads\/2022\/08\/super-hard-materials-fr.png 1800w\" sizes=\"(max-width: 1024px) 100vw, 1024px\" \/>\t\t\t\t\t\t\t\t\t\t\t\t\t\t\t<\/div>\n\t\t\t\t<\/div>\n\t\t\t\t<div class=\"elementor-element elementor-element-ba9d043 elementor-widget elementor-widget-text-editor\" data-id=\"ba9d043\" data-element_type=\"widget\" data-e-type=\"widget\" data-widget_type=\"text-editor.default\">\n\t\t\t\t<div class=\"elementor-widget-container\">\n\t\t\t\t\t\t\t\t\t<ul><li>Exemples de super alliages et c\u00e9ramiques qui peuvent \u00eatre usin\u00e9s:<\/li><\/ul>\t\t\t\t\t\t\t\t<\/div>\n\t\t\t\t<\/div>\n\t\t\t\t<div class=\"elementor-element elementor-element-1f72765 elementor-widget elementor-widget-text-editor\" data-id=\"1f72765\" data-element_type=\"widget\" data-e-type=\"widget\" data-widget_type=\"text-editor.default\">\n\t\t\t\t<div class=\"elementor-widget-container\">\n\t\t\t\t\t\t\t\t\t<table><tbody><tr><td width=\"120\"><strong>Super Alliages<\/strong><\/td><td width=\"120\"><strong>C\u00e9ramiques (Fragiles)<\/strong><\/td><\/tr><tr><td width=\"120\">Super Alliages<\/td><td width=\"120\">CMC<\/td><\/tr><tr><td width=\"120\">Tungsten<\/td><td width=\"120\">HIPed Zirconium<\/td><\/tr><tr><td width=\"120\">Carbure<\/td><td width=\"120\">Zerodur<\/td><\/tr><tr><td width=\"120\">Titane<\/td><td width=\"120\">Quartz glass<\/td><\/tr><tr><td width=\"120\">Ren\u00e9 95<\/td><td width=\"120\">Saphir<\/td><\/tr><\/tbody><\/table>\t\t\t\t\t\t\t\t<\/div>\n\t\t\t\t<\/div>\n\t\t\t\t<div class=\"elementor-element elementor-element-64459c7 elementor-widget elementor-widget-text-editor\" data-id=\"64459c7\" data-element_type=\"widget\" data-e-type=\"widget\" data-widget_type=\"text-editor.default\">\n\t\t\t\t<div class=\"elementor-widget-container\">\n\t\t\t\t\t\t\t\t\t<ul>\n \t<li>Les mat\u00e9riaux conventionnels peuvent \u00eatre usin\u00e9s aussi :\n<ul>\n \t<li>Aluminium, fer, acier inoxydable, laiton<\/li>\n \t<li>Acetal (Delrin), PPS (Ryton), PTFE (Teflon), PVC, Nylon<\/li>\n<\/ul>\n<\/li>\n<\/ul>\t\t\t\t\t\t\t\t<\/div>\n\t\t\t\t<\/div>\n\t\t\t\t\t<\/div>\n\t\t<\/div>\n\t\t\t\t\t<\/div>\n\t\t<\/section>\n\t\t\t\t<\/div>\n\t\t","protected":false},"excerpt":{"rendered":"<p>\/\/ Avantages Composants Avanc\u00e9s G\u00e9ometrie Complexe Nous prosp\u00e9rons au d\u00e9fi d\u2019usiner des pi\u00e8ces avec une g\u00e9om\u00e9trie complexe. Nous sommes efficaces avec notre centre d\u2019usinage 5-axes DMG-MORI Ultrasonique. En plus, notre tour DMG-MORI NLX1500SSY produit elle aussi des pi\u00e8ces de qualit\u00e9 compliqu\u00e9. Super Alliages et C\u00e9ramiques La caract\u00e9ristique Ultrasonique du DMG-MORI DMU50 est d\u2019osciller l\u2019outil de [&hellip;]<\/p>\n","protected":false},"author":1,"featured_media":0,"parent":7449,"menu_order":0,"comment_status":"closed","ping_status":"closed","template":"","meta":{"footnotes":""},"class_list":["post-7455","page","type-page","status-publish","hentry"],"_links":{"self":[{"href":"https:\/\/trafinc.com\/fr\/wp-json\/wp\/v2\/pages\/7455","targetHints":{"allow":["GET"]}}],"collection":[{"href":"https:\/\/trafinc.com\/fr\/wp-json\/wp\/v2\/pages"}],"about":[{"href":"https:\/\/trafinc.com\/fr\/wp-json\/wp\/v2\/types\/page"}],"author":[{"embeddable":true,"href":"https:\/\/trafinc.com\/fr\/wp-json\/wp\/v2\/users\/1"}],"replies":[{"embeddable":true,"href":"https:\/\/trafinc.com\/fr\/wp-json\/wp\/v2\/comments?post=7455"}],"version-history":[{"count":0,"href":"https:\/\/trafinc.com\/fr\/wp-json\/wp\/v2\/pages\/7455\/revisions"}],"up":[{"embeddable":true,"href":"https:\/\/trafinc.com\/fr\/wp-json\/wp\/v2\/pages\/7449"}],"wp:attachment":[{"href":"https:\/\/trafinc.com\/fr\/wp-json\/wp\/v2\/media?parent=7455"}],"curies":[{"name":"wp","href":"https:\/\/api.w.org\/{rel}","templated":true}]}}