{"id":7462,"date":"2022-08-02T17:57:09","date_gmt":"2022-08-02T21:57:09","guid":{"rendered":"https:\/\/trafinc.com\/?page_id=7462"},"modified":"2023-11-14T10:12:29","modified_gmt":"2023-11-14T15:12:29","slug":"qualite","status":"publish","type":"page","link":"https:\/\/trafinc.com\/fr\/avantages\/qualite\/","title":{"rendered":"Qualit\u00e9"},"content":{"rendered":"\t\t<div data-elementor-type=\"wp-page\" data-elementor-id=\"7462\" class=\"elementor elementor-7462 elementor-5265\">\n\t\t\t\t\t\t<section class=\"elementor-section elementor-top-section elementor-element elementor-element-656bdbe ot-traditional elementor-section-boxed elementor-section-height-default elementor-section-height-default\" data-id=\"656bdbe\" data-element_type=\"section\" data-e-type=\"section\">\n\t\t\t\t\t\t<div class=\"elementor-container elementor-column-gap-default\">\n\t\t\t\t\t<div class=\"elementor-column elementor-col-100 elementor-top-column elementor-element elementor-element-51d62a6 ot-flex-column-vertical\" data-id=\"51d62a6\" data-element_type=\"column\" data-e-type=\"column\">\n\t\t\t<div class=\"elementor-widget-wrap elementor-element-populated\">\n\t\t\t\t\t\t<div class=\"elementor-element elementor-element-186fb46 elementor-widget elementor-widget-iheading\" data-id=\"186fb46\" data-element_type=\"widget\" data-e-type=\"widget\" data-widget_type=\"iheading.default\">\n\t\t\t\t<div class=\"elementor-widget-container\">\n\t\t\t\t\t\t\t<div class=\"ot-heading\">\r\n\t        \t            <span>\/\/ Avantages<\/span>\r\n\t        <h2 class=\"main-heading\">Qualit\u00e9<\/h2>\t    <\/div>\r\n\t    \t\t\t\t<\/div>\n\t\t\t\t<\/div>\n\t\t\t\t\t<\/div>\n\t\t<\/div>\n\t\t\t\t\t<\/div>\n\t\t<\/section>\n\t\t\t\t<section class=\"elementor-section elementor-top-section elementor-element elementor-element-bdff2c0 elementor-section-content-top ot-traditional elementor-section-boxed elementor-section-height-default elementor-section-height-default\" data-id=\"bdff2c0\" data-element_type=\"section\" data-e-type=\"section\">\n\t\t\t\t\t\t<div class=\"elementor-container elementor-column-gap-extended\">\n\t\t\t\t\t<div class=\"elementor-column elementor-col-50 elementor-top-column elementor-element elementor-element-43f37b1 ot-flex-column-vertical\" data-id=\"43f37b1\" data-element_type=\"column\" data-e-type=\"column\">\n\t\t\t<div class=\"elementor-widget-wrap elementor-element-populated\">\n\t\t\t\t\t\t<div class=\"elementor-element elementor-element-cf4d5a8 elementor-widget elementor-widget-text-editor\" data-id=\"cf4d5a8\" data-element_type=\"widget\" data-e-type=\"widget\" data-widget_type=\"text-editor.default\">\n\t\t\t\t<div class=\"elementor-widget-container\">\n\t\t\t\t\t\t\t\t\t<ul>\n \t<li>Comme fournisseur certifi\u00e9 AS9100, ISO9001 et PMC notre engagement de qualit\u00e9 est initialis\u00e9 avec l\u2019\u00e9valuation de votre projet et continu\u00e9 jusqu\u2019\u00e0 la fin du projet.<\/li>\n \t<li>Nous sommes exp\u00e9riment\u00e9s \u00e0 fournir des FAI, des rapports d\u2019inspection et un plan \u00e9chantillonnage pour supporter vos objectifs de qualit\u00e9.<\/li>\n \t<li>Pour assurer que les pi\u00e8ces rencontrent les sp\u00e9cifications requises, nous confirmons les dimensions avec un Mitutoyo Quick Vision Active CNC. Pour les pi\u00e8ces plus grosses nous sommes \u00e9quip\u00e9s avec un Brown and Sharpe One CMM.<\/li>\n \t<li>Nous avons un processus minutieux passionn\u00e9 par la perfection.<\/li>\n<\/ul>\t\t\t\t\t\t\t\t<\/div>\n\t\t\t\t<\/div>\n\t\t\t\t<div class=\"elementor-element elementor-element-875f780 elementor-widget elementor-widget-menu-anchor\" data-id=\"875f780\" data-element_type=\"widget\" data-e-type=\"widget\" data-widget_type=\"menu-anchor.default\">\n\t\t\t\t<div class=\"elementor-widget-container\">\n\t\t\t\t\t\t\t<div class=\"elementor-menu-anchor\" id=\"precision-et-livraison-tel\"><\/div>\n\t\t\t\t\t\t<\/div>\n\t\t\t\t<\/div>\n\t\t\t\t<div class=\"elementor-element elementor-element-56baba3 elementor-widget elementor-widget-spacer\" data-id=\"56baba3\" data-element_type=\"widget\" data-e-type=\"widget\" data-widget_type=\"spacer.default\">\n\t\t\t\t<div class=\"elementor-widget-container\">\n\t\t\t\t\t\t\t<div class=\"elementor-spacer\">\n\t\t\t<div class=\"elementor-spacer-inner\"><\/div>\n\t\t<\/div>\n\t\t\t\t\t\t<\/div>\n\t\t\t\t<\/div>\n\t\t\t\t<div class=\"elementor-element elementor-element-4bdefbb elementor-widget elementor-widget-iheading\" data-id=\"4bdefbb\" data-element_type=\"widget\" data-e-type=\"widget\" data-widget_type=\"iheading.default\">\n\t\t\t\t<div class=\"elementor-widget-container\">\n\t\t\t\t\t\t\t<div class=\"ot-heading\">\r\n\t        <h3 class=\"main-heading\">Processus de Pr\u00e9cision et Livraison Tel Que Convenu<\/h3>\t    <\/div>\r\n\t    \t\t\t\t<\/div>\n\t\t\t\t<\/div>\n\t\t\t\t<div class=\"elementor-element elementor-element-d1494ee elementor-widget elementor-widget-text-editor\" data-id=\"d1494ee\" data-element_type=\"widget\" data-e-type=\"widget\" data-widget_type=\"text-editor.default\">\n\t\t\t\t<div class=\"elementor-widget-container\">\n\t\t\t\t\t\t\t\t\t<ul>\n \t<li>Livrer des pi\u00e8ces de qualit\u00e9 tel que convenu demande un engagement de perfection \u00e0 travers tout le processus :\n<ul>\n \t<li>\u00c9valuer initialement la faisabilit\u00e9 du projet<\/li>\n \t<li>D\u00e9finir les \u00e9l\u00e9ments \u00ab Go \u00bb, \u00e0 risque et \u00ab No-Go \u00bb du projet.<\/li>\n \t<li>Finaliser les besoins avec le client.<\/li>\n \t<li>Simuler l\u2019usinage de la pi\u00e8ce.<\/li>\n \t<li>\u00c9tablir la disponibilit\u00e9 des mat\u00e9riaux et des outils.<\/li>\n \t<li>V\u00e9rifier l\u2019assemblage et les besoins OP.<\/li>\n \t<li>Confirmer la soumission.<\/li>\n \t<li>Planifier la production selon les requ\u00eates du client.<\/li>\n \t<li>Confirmer les besoins FAI et la stabilit\u00e9 dimensionnelle durant l\u2019usinage.<\/li>\n \t<li>Usiner avec haute pr\u00e9cision des composants avanc\u00e9s.<\/li>\n \t<li>Inspection et documentation.<\/li>\n \t<li>Emballer et transporter selon les besoins du client.<\/li>\n \t<li>Assurer le suivi avec le client.<\/li>\n<\/ul>\n<\/li>\n<\/ul>\n<ul>\n \t<li>TRAF est passionn\u00e9 du d\u00e9tail et assurera la qualit\u00e9 de vos pi\u00e8ces telles que convenu.<\/li>\n<\/ul>\t\t\t\t\t\t\t\t<\/div>\n\t\t\t\t<\/div>\n\t\t\t\t\t<\/div>\n\t\t<\/div>\n\t\t\t\t<div class=\"elementor-column elementor-col-50 elementor-top-column elementor-element elementor-element-b9415d0 ot-flex-column-vertical\" data-id=\"b9415d0\" data-element_type=\"column\" data-e-type=\"column\">\n\t\t\t<div class=\"elementor-widget-wrap elementor-element-populated\">\n\t\t\t\t\t\t<div class=\"elementor-element elementor-element-3db24b2 elementor-widget elementor-widget-video\" data-id=\"3db24b2\" data-element_type=\"widget\" data-e-type=\"widget\" data-settings=\"{&quot;youtube_url&quot;:&quot;https:\\\/\\\/www.youtube.com\\\/watch?v=YhP79nnw8mE&quot;,&quot;video_type&quot;:&quot;youtube&quot;,&quot;controls&quot;:&quot;yes&quot;}\" data-widget_type=\"video.default\">\n\t\t\t\t<div class=\"elementor-widget-container\">\n\t\t\t\t\t\t\t<div class=\"elementor-wrapper elementor-open-inline\">\n\t\t\t<div class=\"elementor-video\"><\/div>\t\t<\/div>\n\t\t\t\t\t\t<\/div>\n\t\t\t\t<\/div>\n\t\t\t\t\t<\/div>\n\t\t<\/div>\n\t\t\t\t\t<\/div>\n\t\t<\/section>\n\t\t\t\t<\/div>\n\t\t","protected":false},"excerpt":{"rendered":"<p>\/\/ Avantages Qualit\u00e9 Comme fournisseur certifi\u00e9 AS9100, ISO9001 et PMC notre engagement de qualit\u00e9 est initialis\u00e9 avec l\u2019\u00e9valuation de votre projet et continu\u00e9 jusqu\u2019\u00e0 la fin du projet. Nous sommes exp\u00e9riment\u00e9s \u00e0 fournir des FAI, des rapports d\u2019inspection et un plan \u00e9chantillonnage pour supporter vos objectifs de qualit\u00e9. Pour assurer que les pi\u00e8ces rencontrent les [&hellip;]<\/p>\n","protected":false},"author":1,"featured_media":0,"parent":7449,"menu_order":0,"comment_status":"closed","ping_status":"closed","template":"","meta":{"footnotes":""},"class_list":["post-7462","page","type-page","status-publish","hentry"],"_links":{"self":[{"href":"https:\/\/trafinc.com\/fr\/wp-json\/wp\/v2\/pages\/7462","targetHints":{"allow":["GET"]}}],"collection":[{"href":"https:\/\/trafinc.com\/fr\/wp-json\/wp\/v2\/pages"}],"about":[{"href":"https:\/\/trafinc.com\/fr\/wp-json\/wp\/v2\/types\/page"}],"author":[{"embeddable":true,"href":"https:\/\/trafinc.com\/fr\/wp-json\/wp\/v2\/users\/1"}],"replies":[{"embeddable":true,"href":"https:\/\/trafinc.com\/fr\/wp-json\/wp\/v2\/comments?post=7462"}],"version-history":[{"count":0,"href":"https:\/\/trafinc.com\/fr\/wp-json\/wp\/v2\/pages\/7462\/revisions"}],"up":[{"embeddable":true,"href":"https:\/\/trafinc.com\/fr\/wp-json\/wp\/v2\/pages\/7449"}],"wp:attachment":[{"href":"https:\/\/trafinc.com\/fr\/wp-json\/wp\/v2\/media?parent=7462"}],"curies":[{"name":"wp","href":"https:\/\/api.w.org\/{rel}","templated":true}]}}