{"id":7475,"date":"2022-08-02T18:40:24","date_gmt":"2022-08-02T22:40:24","guid":{"rendered":"https:\/\/trafinc.com\/?page_id=7475"},"modified":"2022-09-10T13:08:19","modified_gmt":"2022-09-10T17:08:19","slug":"agile","status":"publish","type":"page","link":"https:\/\/trafinc.com\/fr\/avantages\/agile\/","title":{"rendered":"Agilit\u00e9"},"content":{"rendered":"\t\t<div data-elementor-type=\"wp-page\" data-elementor-id=\"7475\" class=\"elementor elementor-7475 elementor-5271\">\n\t\t\t\t\t\t<section class=\"elementor-section elementor-top-section elementor-element elementor-element-4272c73 ot-traditional elementor-section-boxed elementor-section-height-default elementor-section-height-default\" data-id=\"4272c73\" data-element_type=\"section\" data-e-type=\"section\">\n\t\t\t\t\t\t<div class=\"elementor-container elementor-column-gap-default\">\n\t\t\t\t\t<div class=\"elementor-column elementor-col-100 elementor-top-column elementor-element elementor-element-8de1ad3 ot-flex-column-vertical\" data-id=\"8de1ad3\" data-element_type=\"column\" data-e-type=\"column\">\n\t\t\t<div class=\"elementor-widget-wrap elementor-element-populated\">\n\t\t\t\t\t\t<div class=\"elementor-element elementor-element-d76e791 elementor-widget elementor-widget-iheading\" data-id=\"d76e791\" data-element_type=\"widget\" data-e-type=\"widget\" data-widget_type=\"iheading.default\">\n\t\t\t\t<div class=\"elementor-widget-container\">\n\t\t\t\t\t\t\t<div class=\"ot-heading\">\r\n\t        \t            <span>\/\/ Avantages<\/span>\r\n\t        <h2 class=\"main-heading\">Agilit\u00e9<\/h2>\t    <\/div>\r\n\t    \t\t\t\t<\/div>\n\t\t\t\t<\/div>\n\t\t\t\t\t<\/div>\n\t\t<\/div>\n\t\t\t\t\t<\/div>\n\t\t<\/section>\n\t\t\t\t<section class=\"elementor-section elementor-top-section elementor-element elementor-element-b141706 ot-traditional elementor-section-boxed elementor-section-height-default elementor-section-height-default\" data-id=\"b141706\" data-element_type=\"section\" data-e-type=\"section\">\n\t\t\t\t\t\t<div class=\"elementor-container elementor-column-gap-default\">\n\t\t\t\t\t<div class=\"elementor-column elementor-col-50 elementor-top-column elementor-element elementor-element-f67508e ot-flex-column-vertical\" data-id=\"f67508e\" data-element_type=\"column\" data-e-type=\"column\">\n\t\t\t<div class=\"elementor-widget-wrap elementor-element-populated\">\n\t\t\t\t\t\t<div class=\"elementor-element elementor-element-1564ee2 elementor-widget elementor-widget-text-editor\" data-id=\"1564ee2\" data-element_type=\"widget\" data-e-type=\"widget\" data-widget_type=\"text-editor.default\">\n\t\t\t\t<div class=\"elementor-widget-container\">\n\t\t\t\t\t\t\t\t\t<ul>\n \t<li>TRAF est fi\u00e8re de son agilit\u00e9 \u00e0 assurer un excellent service \u00e0 ses clients.<\/li>\n \t<li>\u00catre efficace, flexible et progressive nous permet de rapidement s\u2019ajuster aux besoins des clients.<\/li>\n<\/ul>\t\t\t\t\t\t\t\t<\/div>\n\t\t\t\t<\/div>\n\t\t\t\t<div class=\"elementor-element elementor-element-636bbb3 elementor-widget elementor-widget-menu-anchor\" data-id=\"636bbb3\" data-element_type=\"widget\" data-e-type=\"widget\" data-widget_type=\"menu-anchor.default\">\n\t\t\t\t<div class=\"elementor-widget-container\">\n\t\t\t\t\t\t\t<div class=\"elementor-menu-anchor\" id=\"flexibility\"><\/div>\n\t\t\t\t\t\t<\/div>\n\t\t\t\t<\/div>\n\t\t\t\t<div class=\"elementor-element elementor-element-c4fc4b6 elementor-widget elementor-widget-iheading\" data-id=\"c4fc4b6\" data-element_type=\"widget\" data-e-type=\"widget\" data-widget_type=\"iheading.default\">\n\t\t\t\t<div class=\"elementor-widget-container\">\n\t\t\t\t\t\t\t<div class=\"ot-heading\">\r\n\t        <h3 class=\"main-heading\">Efficace<\/h3>\t    <\/div>\r\n\t    \t\t\t\t<\/div>\n\t\t\t\t<\/div>\n\t\t\t\t<div class=\"elementor-element elementor-element-d322f59 elementor-widget elementor-widget-text-editor\" data-id=\"d322f59\" data-element_type=\"widget\" data-e-type=\"widget\" data-widget_type=\"text-editor.default\">\n\t\t\t\t<div class=\"elementor-widget-container\">\n\t\t\t\t\t\t\t\t\t<ul>\n \t<li>Nous travaillons dans le temps r\u00e9el pour analyser votre projet avec une \u00e9quipe autoris\u00e9 qui partage le m\u00eame objectif et la m\u00eame vision.<\/li>\n \t<li>Nous poss\u00e9dons une structure non-hi\u00e9rarchique avec des r\u00f4les responsables pour assurer que les t\u00e2ches se compl\u00e8tent rapidement.<\/li>\n<\/ul>\t\t\t\t\t\t\t\t<\/div>\n\t\t\t\t<\/div>\n\t\t\t\t<div class=\"elementor-element elementor-element-f9b5982 elementor-widget elementor-widget-iheading\" data-id=\"f9b5982\" data-element_type=\"widget\" data-e-type=\"widget\" data-widget_type=\"iheading.default\">\n\t\t\t\t<div class=\"elementor-widget-container\">\n\t\t\t\t\t\t\t<div class=\"ot-heading\">\r\n\t        <h3 class=\"main-heading\">Flexible<\/h3>\t    <\/div>\r\n\t    \t\t\t\t<\/div>\n\t\t\t\t<\/div>\n\t\t\t\t<div class=\"elementor-element elementor-element-0bb7798 elementor-widget elementor-widget-text-editor\" data-id=\"0bb7798\" data-element_type=\"widget\" data-e-type=\"widget\" data-widget_type=\"text-editor.default\">\n\t\t\t\t<div class=\"elementor-widget-container\">\n\t\t\t\t\t\t\t\t\t<ul>\n \t<li>Souvent, en d\u00e9veloppement, des d\u00e9fis techniques se pr\u00e9sentent.\n<\/li>\n \t<li style=\"font-weight: 400;\" aria-level=\"1\">TRAF est adaptable \u00e0 vos besoins \u00e9volutifs et d\u00e9vou\u00e9 \u00e0 ex\u00e9cuter votre plan pendant que les r\u00f4les s\u2019ajustent.\n<\/li>\n \t<li style=\"font-weight: 400;\" aria-level=\"1\">Nous communiquons avec nos clients pour assurer qu\u2019ils sont \u00e0 jour avec des r\u00e9troactions mesurables.<\/li>\n \t<li>Nous sommes engag\u00e9s \u00e0 r\u00e9soudre vos d\u00e9fis techniques avec une approche honn\u00eate et professionnelle. <\/li>\n<\/ul>\t\t\t\t\t\t\t\t<\/div>\n\t\t\t\t<\/div>\n\t\t\t\t<div class=\"elementor-element elementor-element-f3068a1 elementor-widget elementor-widget-menu-anchor\" data-id=\"f3068a1\" data-element_type=\"widget\" data-e-type=\"widget\" data-widget_type=\"menu-anchor.default\">\n\t\t\t\t<div class=\"elementor-widget-container\">\n\t\t\t\t\t\t\t<div class=\"elementor-menu-anchor\" id=\"communication\"><\/div>\n\t\t\t\t\t\t<\/div>\n\t\t\t\t<\/div>\n\t\t\t\t<div class=\"elementor-element elementor-element-54dc157 elementor-widget elementor-widget-iheading\" data-id=\"54dc157\" data-element_type=\"widget\" data-e-type=\"widget\" data-widget_type=\"iheading.default\">\n\t\t\t\t<div class=\"elementor-widget-container\">\n\t\t\t\t\t\t\t<div class=\"ot-heading\">\r\n\t        <h3 class=\"main-heading\">Progressive<\/h3>\t    <\/div>\r\n\t    \t\t\t\t<\/div>\n\t\t\t\t<\/div>\n\t\t\t\t<div class=\"elementor-element elementor-element-b6461ab elementor-widget elementor-widget-text-editor\" data-id=\"b6461ab\" data-element_type=\"widget\" data-e-type=\"widget\" data-widget_type=\"text-editor.default\">\n\t\t\t\t<div class=\"elementor-widget-container\">\n\t\t\t\t\t\t\t\t\t<ul>\n \t<li>TRAF a une \u00e9quipe exp\u00e9riment\u00e9e et tous les membres, en commen\u00e7ant par le Pr\u00e9sident jusqu\u2019aux employ\u00e9s des d\u00e9partements de m\u00e9thodes, programmation, production et qualit\u00e9 sont pr\u00eats \u00e0 supporter le changement.<\/li>\n \t<li>Notre nouveau centre d\u2019usinage \u00e0 5-axes DMG-MORI DMU50 Ultrasonique et notre tour 4-axes DMG-Mori NLX1500SY sont utilis\u00e9s avec nos syst\u00e8mes \u00e9volutifs pour assurer le prochain niveau de pratique.<\/li>\n \t<li>Une communication constante avec le client pendant tout le processus confirme les attentes.<\/li>\n<\/ul>\t\t\t\t\t\t\t\t<\/div>\n\t\t\t\t<\/div>\n\t\t\t\t\t<\/div>\n\t\t<\/div>\n\t\t\t\t<div class=\"elementor-column elementor-col-50 elementor-top-column elementor-element elementor-element-4995b95 ot-flex-column-vertical\" data-id=\"4995b95\" data-element_type=\"column\" data-e-type=\"column\">\n\t\t\t<div class=\"elementor-widget-wrap elementor-element-populated\">\n\t\t\t\t\t\t<div class=\"elementor-element elementor-element-77a404d elementor-widget elementor-widget-image\" data-id=\"77a404d\" data-element_type=\"widget\" data-e-type=\"widget\" data-widget_type=\"image.default\">\n\t\t\t\t<div class=\"elementor-widget-container\">\n\t\t\t\t\t\t\t\t\t\t\t\t\t\t\t<img fetchpriority=\"high\" decoding=\"async\" width=\"480\" height=\"480\" src=\"https:\/\/trafinc.com\/wp-content\/uploads\/2021\/12\/fun-fact2.jpg\" class=\"attachment-large size-large wp-image-5967\" alt=\"\" srcset=\"https:\/\/trafinc.com\/wp-content\/uploads\/2021\/12\/fun-fact2.jpg 480w, https:\/\/trafinc.com\/wp-content\/uploads\/2021\/12\/fun-fact2-300x300.jpg 300w, https:\/\/trafinc.com\/wp-content\/uploads\/2021\/12\/fun-fact2-150x150.jpg 150w\" sizes=\"(max-width: 480px) 100vw, 480px\" \/>\t\t\t\t\t\t\t\t\t\t\t\t\t\t\t<\/div>\n\t\t\t\t<\/div>\n\t\t\t\t\t<\/div>\n\t\t<\/div>\n\t\t\t\t\t<\/div>\n\t\t<\/section>\n\t\t\t\t<\/div>\n\t\t","protected":false},"excerpt":{"rendered":"<p>\/\/ Avantages Agilit\u00e9 TRAF est fi\u00e8re de son agilit\u00e9 \u00e0 assurer un excellent service \u00e0 ses clients. \u00catre efficace, flexible et progressive nous permet de rapidement s\u2019ajuster aux besoins des clients. Efficace Nous travaillons dans le temps r\u00e9el pour analyser votre projet avec une \u00e9quipe autoris\u00e9 qui partage le m\u00eame objectif et la m\u00eame vision. [&hellip;]<\/p>\n","protected":false},"author":1,"featured_media":0,"parent":7449,"menu_order":0,"comment_status":"closed","ping_status":"closed","template":"","meta":{"footnotes":""},"class_list":["post-7475","page","type-page","status-publish","hentry"],"_links":{"self":[{"href":"https:\/\/trafinc.com\/fr\/wp-json\/wp\/v2\/pages\/7475","targetHints":{"allow":["GET"]}}],"collection":[{"href":"https:\/\/trafinc.com\/fr\/wp-json\/wp\/v2\/pages"}],"about":[{"href":"https:\/\/trafinc.com\/fr\/wp-json\/wp\/v2\/types\/page"}],"author":[{"embeddable":true,"href":"https:\/\/trafinc.com\/fr\/wp-json\/wp\/v2\/users\/1"}],"replies":[{"embeddable":true,"href":"https:\/\/trafinc.com\/fr\/wp-json\/wp\/v2\/comments?post=7475"}],"version-history":[{"count":0,"href":"https:\/\/trafinc.com\/fr\/wp-json\/wp\/v2\/pages\/7475\/revisions"}],"up":[{"embeddable":true,"href":"https:\/\/trafinc.com\/fr\/wp-json\/wp\/v2\/pages\/7449"}],"wp:attachment":[{"href":"https:\/\/trafinc.com\/fr\/wp-json\/wp\/v2\/media?parent=7475"}],"curies":[{"name":"wp","href":"https:\/\/api.w.org\/{rel}","templated":true}]}}