{"id":7482,"date":"2022-08-02T18:56:10","date_gmt":"2022-08-02T22:56:10","guid":{"rendered":"https:\/\/trafinc.com\/?page_id=7482"},"modified":"2022-09-13T12:57:11","modified_gmt":"2022-09-13T16:57:11","slug":"innovation","status":"publish","type":"page","link":"https:\/\/trafinc.com\/fr\/innovation\/","title":{"rendered":"Innovation"},"content":{"rendered":"\t\t<div data-elementor-type=\"wp-page\" data-elementor-id=\"7482\" class=\"elementor elementor-7482 elementor-5281\">\n\t\t\t\t\t\t<section class=\"elementor-section elementor-top-section elementor-element elementor-element-119a6cb ot-traditional elementor-section-boxed elementor-section-height-default elementor-section-height-default\" data-id=\"119a6cb\" data-element_type=\"section\" data-e-type=\"section\">\n\t\t\t\t\t\t<div class=\"elementor-container elementor-column-gap-default\">\n\t\t\t\t\t<div class=\"elementor-column elementor-col-100 elementor-top-column elementor-element elementor-element-bc95ecd ot-flex-column-vertical\" data-id=\"bc95ecd\" data-element_type=\"column\" data-e-type=\"column\">\n\t\t\t<div class=\"elementor-widget-wrap elementor-element-populated\">\n\t\t\t\t\t\t<div class=\"elementor-element elementor-element-f9b91ca elementor-widget elementor-widget-iheading\" data-id=\"f9b91ca\" data-element_type=\"widget\" data-e-type=\"widget\" data-widget_type=\"iheading.default\">\n\t\t\t\t<div class=\"elementor-widget-container\">\n\t\t\t\t\t\t\t<div class=\"ot-heading\">\r\n\t        \t            <span>\/\/ Traf inc.<\/span>\r\n\t        <h2 class=\"main-heading\">Innovation<\/h2>\t    <\/div>\r\n\t    \t\t\t\t<\/div>\n\t\t\t\t<\/div>\n\t\t\t\t<section class=\"elementor-section elementor-inner-section elementor-element elementor-element-1d3ce4b elementor-section-full_width ot-traditional elementor-section-height-default elementor-section-height-default\" data-id=\"1d3ce4b\" data-element_type=\"section\" data-e-type=\"section\">\n\t\t\t\t\t\t<div class=\"elementor-container elementor-column-gap-default\">\n\t\t\t\t\t<div class=\"elementor-column elementor-col-33 elementor-inner-column elementor-element elementor-element-1e363df ot-flex-column-vertical\" data-id=\"1e363df\" data-element_type=\"column\" data-e-type=\"column\">\n\t\t\t<div class=\"elementor-widget-wrap elementor-element-populated\">\n\t\t\t\t\t\t<div class=\"elementor-element elementor-element-c781900 innovation-box elementor-widget elementor-widget-iiconbox2\" data-id=\"c781900\" data-element_type=\"widget\" data-e-type=\"widget\" data-widget_type=\"iiconbox2.default\">\n\t\t\t\t<div class=\"elementor-widget-container\">\n\t\t\t\t\t\t\t<div class=\"icon-box-s2 s2\">\r\n\t\t\t<div class=\"icon-main\">\r\n\t\t        \t\t\t    <img decoding=\"async\" src=\"https:\/\/trafinc.com\/wp-content\/uploads\/2022\/02\/tech-vision.png\" alt=\"Vision Tech\">\t\t        \t\t        \t        <\/div>\r\n\t        <div class=\"content-box\">\r\n\t            <h5>Vision Tech<\/h5>\r\n\t            <p><ul>\n<li>Notre vision technique est bas\u00e9e sur les besoins courants et futurs dans les march\u00e9s et assurera que TRAF soit la destination pour l\u2019usinages de haute pr\u00e9cision des composants avanc\u00e9s.<\/li>\n<li>Notre DMG-MORI DMU50 Ultrasonique muni d\u2019un robot PH150 assure que nous m\u00e8nerons les march\u00e9s d\u2019usinages 5-axes pour les super alliages, c\u00e9ramiques et les mat\u00e9riaux conventionnels.<\/li>\n<li>Nous continuerons \u00e0 \u00e9voluer pour assurer que nos clients re\u00e7oivent les meilleurs produits de qualit\u00e9 en temps.<\/li>\n<\/ul><\/p>\r\n\t        <\/div>\r\n\t    <\/div>\r\n\t    \t\t\t\t<\/div>\n\t\t\t\t<\/div>\n\t\t\t\t\t<\/div>\n\t\t<\/div>\n\t\t\t\t<div class=\"elementor-column elementor-col-33 elementor-inner-column elementor-element elementor-element-aa2eaf5 ot-flex-column-vertical\" data-id=\"aa2eaf5\" data-element_type=\"column\" data-e-type=\"column\">\n\t\t\t<div class=\"elementor-widget-wrap elementor-element-populated\">\n\t\t\t\t\t\t<div class=\"elementor-element elementor-element-4aaa10a innovation-box elementor-widget elementor-widget-iiconbox2\" data-id=\"4aaa10a\" data-element_type=\"widget\" data-e-type=\"widget\" data-widget_type=\"iiconbox2.default\">\n\t\t\t\t<div class=\"elementor-widget-container\">\n\t\t\t\t\t\t\t<div class=\"icon-box-s2 s2\">\r\n\t\t\t<div class=\"icon-main\">\r\n\t\t        \t\t\t    <img decoding=\"async\" src=\"https:\/\/trafinc.com\/wp-content\/uploads\/2022\/02\/RandD.png\" alt=\"R&amp;D\">\t\t        \t\t        \t        <\/div>\r\n\t        <div class=\"content-box\">\r\n\t            <h5>R&D<\/h5>\r\n\t            <p><ul>\n<li>TRAF travaille avec des organisations innovatrices qui requi\u00e8rent notre support afin de r\u00e9aliser leur projet.<\/li>\n<li>Nous ciblons des projets pionniers \u00e0 long terme pour d\u00e9velopper l\u2019acc\u00e8s \u00e0 de nouveaux march\u00e9s.<\/li>\n<li>Notre objectif est d\u2019\u00eatre impliqu\u00e9 d\u00e8s le d\u00e9but avec des projets innovateurs et d\u2019\u00e9tablir de nouveaux besoins pour nos services. <\/li>\n<\/ul><\/p>\r\n\t        <\/div>\r\n\t    <\/div>\r\n\t    \t\t\t\t<\/div>\n\t\t\t\t<\/div>\n\t\t\t\t\t<\/div>\n\t\t<\/div>\n\t\t\t\t<div class=\"elementor-column elementor-col-33 elementor-inner-column elementor-element elementor-element-27f67d2 ot-flex-column-vertical\" data-id=\"27f67d2\" data-element_type=\"column\" data-e-type=\"column\">\n\t\t\t<div class=\"elementor-widget-wrap elementor-element-populated\">\n\t\t\t\t\t\t<div class=\"elementor-element elementor-element-3289e19 innovation-box elementor-widget elementor-widget-iiconbox2\" data-id=\"3289e19\" data-element_type=\"widget\" data-e-type=\"widget\" data-widget_type=\"iiconbox2.default\">\n\t\t\t\t<div class=\"elementor-widget-container\">\n\t\t\t\t\t\t\t<div class=\"icon-box-s2 s2\">\r\n\t\t\t<div class=\"icon-main\">\r\n\t\t        \t\t\t    <img decoding=\"async\" src=\"https:\/\/trafinc.com\/wp-content\/uploads\/2022\/02\/continuous-improvement.png\" alt=\"Am\u00e9lioration Continue\">\t\t        \t\t        \t        <\/div>\r\n\t        <div class=\"content-box\">\r\n\t            <h5>Am\u00e9lioration Continue<\/h5>\r\n\t            <p><ul>\n<li>Nous cherchons constamment \u00e0 nous am\u00e9liorer et \u00e0 trouver des solutions qui sont en dehors de la bo\u00eete pour d\u00e9velopper des activit\u00e9s \u00e0 valeur ajout\u00e9 pour nos clients.<\/li>\n<li>Nous sommes engag\u00e9s \u00e0 mener le d\u00e9veloppement avec nos clients tout en \u00e9liminant les t\u00e2ches excessives.<\/li>\n<li>Chez TRAF, l\u2019am\u00e9lioration continue nous pousse vers la perfection peu importe la t\u00e2che.<\/li>\n<\/ul><\/p>\r\n\t        <\/div>\r\n\t    <\/div>\r\n\t    \t\t\t\t<\/div>\n\t\t\t\t<\/div>\n\t\t\t\t\t<\/div>\n\t\t<\/div>\n\t\t\t\t\t<\/div>\n\t\t<\/section>\n\t\t\t\t\t<\/div>\n\t\t<\/div>\n\t\t\t\t\t<\/div>\n\t\t<\/section>\n\t\t\t\t<\/div>\n\t\t","protected":false},"excerpt":{"rendered":"<p>\/\/ Traf inc. Innovation Vision Tech Notre vision technique est bas\u00e9e sur les besoins courants et futurs dans les march\u00e9s et assurera que TRAF soit la destination pour l\u2019usinages de haute pr\u00e9cision des composants avanc\u00e9s. Notre DMG-MORI DMU50 Ultrasonique muni d\u2019un robot PH150 assure que nous m\u00e8nerons les march\u00e9s d\u2019usinages 5-axes pour les super alliages, [&hellip;]<\/p>\n","protected":false},"author":1,"featured_media":0,"parent":0,"menu_order":0,"comment_status":"closed","ping_status":"closed","template":"","meta":{"footnotes":""},"class_list":["post-7482","page","type-page","status-publish","hentry"],"_links":{"self":[{"href":"https:\/\/trafinc.com\/fr\/wp-json\/wp\/v2\/pages\/7482","targetHints":{"allow":["GET"]}}],"collection":[{"href":"https:\/\/trafinc.com\/fr\/wp-json\/wp\/v2\/pages"}],"about":[{"href":"https:\/\/trafinc.com\/fr\/wp-json\/wp\/v2\/types\/page"}],"author":[{"embeddable":true,"href":"https:\/\/trafinc.com\/fr\/wp-json\/wp\/v2\/users\/1"}],"replies":[{"embeddable":true,"href":"https:\/\/trafinc.com\/fr\/wp-json\/wp\/v2\/comments?post=7482"}],"version-history":[{"count":0,"href":"https:\/\/trafinc.com\/fr\/wp-json\/wp\/v2\/pages\/7482\/revisions"}],"wp:attachment":[{"href":"https:\/\/trafinc.com\/fr\/wp-json\/wp\/v2\/media?parent=7482"}],"curies":[{"name":"wp","href":"https:\/\/api.w.org\/{rel}","templated":true}]}}